{"id":3217,"date":"2025-06-06T16:38:16","date_gmt":"2025-06-06T13:38:16","guid":{"rendered":"https:\/\/modehealthservices.com\/check-up-2-2\/"},"modified":"2025-06-06T17:40:12","modified_gmt":"2025-06-06T14:40:12","slug":"kvkk","status":"publish","type":"page","link":"https:\/\/modehealthservices.com\/tr\/kvkk\/","title":{"rendered":"K\u0130\u015e\u0130SEL VER\u0130LER\u0130N KORUNMASI KANUNU (KVKK) AYDINLATMA METN\u0130"},"content":{"rendered":"<p>[vc_row bg_position=&#8221;center center&#8221; css=&#8221;.vc_custom_1678104474727{background-image: url(https:\/\/modehealthservices.com\/wp-content\/uploads\/2023\/02\/tedavi-ust-so-check.jpg?id=847) !important;background-position: center !important;background-repeat: no-repeat !important;background-size: cover !important;}&#8221;][vc_column css=&#8221;.vc_custom_1675342230286{padding-top: 24vh !important;padding-bottom: 24vh !important;}&#8221;][\/vc_column][\/vc_row][vc_row css=&#8221;.vc_custom_1675417565053{margin-bottom: 10vh !important;}&#8221;][vc_column][vc_column_text]<\/p>\n<p data-start=\"100\" data-end=\"162\"><strong data-start=\"100\" data-end=\"162\">K\u0130\u015e\u0130SEL VER\u0130LER\u0130N KORUNMASI KANUNU (KVKK) AYDINLATMA METN\u0130<\/strong><\/p>\n<p data-start=\"164\" data-end=\"518\">Bu Ayd\u0131nlatma Metni, 6698 say\u0131l\u0131 Ki\u015fisel Verilerin Korunmas\u0131 Kanunu (\u201cKVKK\u201d) uyar\u0131nca, veri sorumlusu s\u0131fat\u0131yla <strong data-start=\"276\" data-end=\"348\">MODE SA\u011eLIK TUR\u0130ZM\u0130 VE E\u011e\u0130T\u0130M DANI\u015eMANLIK H\u0130ZMETLER\u0130 L\u0130M\u0130TED \u015e\u0130RKET\u0130<\/strong> (\u201c\u015eirket\u201d) taraf\u0131ndan haz\u0131rlanm\u0131\u015ft\u0131r. Bu metin, ki\u015fisel verilerinizin i\u015flenme ama\u00e7lar\u0131, y\u00f6ntemleri ve haklar\u0131n\u0131z konusunda sizleri bilgilendirmek amac\u0131yla sunulmaktad\u0131r.<\/p>\n<hr data-start=\"520\" data-end=\"523\" \/>\n<p data-start=\"525\" data-end=\"561\"><strong data-start=\"525\" data-end=\"561\">1. VER\u0130 SORUMLUSUNA A\u0130T B\u0130LG\u0130LER<\/strong><\/p>\n<p data-start=\"563\" data-end=\"914\"><strong data-start=\"563\" data-end=\"573\">Unvan:<\/strong> MODE SA\u011eLIK TUR\u0130ZM\u0130 VE E\u011e\u0130T\u0130M DANI\u015eMANLIK H\u0130ZMETLER\u0130 LTD. \u015eT\u0130.<br data-start=\"636\" data-end=\"639\" \/><strong data-start=\"639\" data-end=\"649\">Adres:<\/strong> Bah\u00e7elievler Mah. Ressam Halim Sk. No:7, \u0130\u00e7 Kap\u0131 No:16, Bah\u00e7elievler \/ \u0130stanbul<br data-start=\"729\" data-end=\"732\" \/><strong data-start=\"732\" data-end=\"744\">Telefon:<\/strong> +90 (555) 142 4669<br data-start=\"763\" data-end=\"766\" \/><strong data-start=\"766\" data-end=\"778\">E-posta:<\/strong> <a class=\"cursor-pointer\" rel=\"noopener\" data-start=\"779\" data-end=\"806\">info@modehealthservices.com<\/a><br data-start=\"806\" data-end=\"809\" \/><strong data-start=\"809\" data-end=\"824\">Web sitesi:<\/strong> <a class=\"\" href=\"http:\/\/www.modehealthservices.com\" target=\"_new\" rel=\"noopener\" data-start=\"825\" data-end=\"851\">www.modehealthservices.com<\/a><br data-start=\"851\" data-end=\"854\" \/><strong data-start=\"854\" data-end=\"872\">Vergi Dairesi:<\/strong> Merter<br data-start=\"879\" data-end=\"882\" \/><strong data-start=\"882\" data-end=\"901\">Vergi Numaras\u0131:<\/strong> 6220828365<\/p>\n<hr data-start=\"916\" data-end=\"919\" \/>\n<p data-start=\"921\" data-end=\"951\"><strong data-start=\"921\" data-end=\"951\">2. \u0130\u015eLENEN K\u0130\u015e\u0130SEL VER\u0130LER<\/strong><\/p>\n<p data-start=\"953\" data-end=\"1007\">\u015eirketimiz a\u015fa\u011f\u0131daki ki\u015fisel verilerinizi i\u015fleyebilir:<\/p>\n<ul>\n<li data-start=\"1011\" data-end=\"1104\"><strong data-start=\"1011\" data-end=\"1031\">Kimlik Bilgileri<\/strong> (Ad, soyad, T.C. kimlik numaras\u0131, pasaport numaras\u0131, do\u011fum tarihi vb.)<\/li>\n<li data-start=\"1107\" data-end=\"1177\"><strong data-start=\"1107\" data-end=\"1129\">\u0130leti\u015fim Bilgileri<\/strong> (Telefon numaras\u0131, e-posta adresi, adres vb.)<\/li>\n<li data-start=\"1180\" data-end=\"1282\"><strong data-start=\"1180\" data-end=\"1200\">Sa\u011fl\u0131k Bilgileri<\/strong> (T\u0131bbi ge\u00e7mi\u015f, tan\u0131lar, tedavi bilgileri, re\u00e7eteler, laboratuvar sonu\u00e7lar\u0131 vb.)<\/li>\n<li data-start=\"1285\" data-end=\"1353\"><strong data-start=\"1285\" data-end=\"1306\">Finansal Bilgiler<\/strong> (Banka hesap bilgileri, \u00f6deme detaylar\u0131 vb.)<\/li>\n<li data-start=\"1356\" data-end=\"1419\"><strong data-start=\"1356\" data-end=\"1385\">G\u00f6rsel ve \u0130\u015fitsel Veriler<\/strong> (Foto\u011fraf, video kay\u0131tlar\u0131 vb.)<\/li>\n<li data-start=\"1422\" data-end=\"1483\"><strong data-start=\"1422\" data-end=\"1450\">\u0130\u015flem G\u00fcvenli\u011fi Verileri<\/strong> (IP adresi, log kay\u0131tlar\u0131 vb.)<\/li>\n<li data-start=\"1486\" data-end=\"1507\"><strong data-start=\"1486\" data-end=\"1505\">Konum Bilgileri<\/strong><\/li>\n<li data-start=\"1510\" data-end=\"1537\"><strong data-start=\"1510\" data-end=\"1537\">\u00c7erez (Cookie) Verileri<\/strong><\/li>\n<\/ul>\n<hr data-start=\"1539\" data-end=\"1542\" \/>\n<p data-start=\"1544\" data-end=\"1585\"><strong data-start=\"1544\" data-end=\"1585\">3. K\u0130\u015e\u0130SEL VER\u0130LER\u0130N \u0130\u015eLENME AMA\u00c7LARI<\/strong><\/p>\n<p data-start=\"1587\" data-end=\"1634\">Verileriniz, a\u015fa\u011f\u0131daki ama\u00e7larla i\u015flenmektedir:<\/p>\n<ul>\n<li data-start=\"1638\" data-end=\"1678\">Sa\u011fl\u0131k turizmi hizmetlerinin sunulmas\u0131<\/li>\n<li data-start=\"1681\" data-end=\"1715\">Randevu s\u00fcre\u00e7lerinin y\u00fcr\u00fct\u00fclmesi<\/li>\n<li data-start=\"1718\" data-end=\"1755\">\u0130leti\u015fim faaliyetlerinin sa\u011flanmas\u0131<\/li>\n<li data-start=\"1758\" data-end=\"1808\">Hasta bilgilendirme ve onam formlar\u0131n\u0131n al\u0131nmas\u0131<\/li>\n<li data-start=\"1811\" data-end=\"1863\">Uluslararas\u0131 hasta hizmetlerinin organize edilmesi<\/li>\n<li data-start=\"1866\" data-end=\"1908\">Yasal y\u00fck\u00fcml\u00fcl\u00fcklerin yerine getirilmesi<\/li>\n<li data-start=\"1911\" data-end=\"1943\">Hizmet kalitesinin art\u0131r\u0131lmas\u0131<\/li>\n<li data-start=\"1946\" data-end=\"1995\">Reklam ve pazarlama faaliyetlerinin y\u00fcr\u00fct\u00fclmesi<\/li>\n<li data-start=\"1998\" data-end=\"2044\">\u0130nternet sitesi kullan\u0131m\u0131n\u0131n analiz edilmesi<\/li>\n<li data-start=\"2047\" data-end=\"2093\">M\u00fc\u015fteri memnuniyeti s\u00fcre\u00e7lerinin y\u00f6netilmesi<\/li>\n<\/ul>\n<p data-start=\"2095\" data-end=\"2158\">KVKK\u2019n\u0131n 5. ve 6. maddeleri uyar\u0131nca bu i\u015flemler yap\u0131lmaktad\u0131r.<\/p>\n<hr data-start=\"2160\" data-end=\"2163\" \/>\n<p data-start=\"2165\" data-end=\"2223\"><strong data-start=\"2165\" data-end=\"2223\">4. K\u0130\u015e\u0130SEL VER\u0130LER\u0130N TOPLANMA Y\u00d6NTEM\u0130 VE HUKUK\u0130 SEBEB\u0130<\/strong><\/p>\n<p data-start=\"2225\" data-end=\"2269\">Verileriniz a\u015fa\u011f\u0131daki yollarla toplanabilir:<\/p>\n<ul>\n<li data-start=\"2273\" data-end=\"2294\">Web sitesi formlar\u0131<\/li>\n<li data-start=\"2297\" data-end=\"2335\">Telefon, e-posta, WhatsApp ileti\u015fimi<\/li>\n<li data-start=\"2338\" data-end=\"2384\">Sa\u011fl\u0131k hizmeti s\u0131ras\u0131nda doldurulan belgeler<\/li>\n<li data-start=\"2387\" data-end=\"2412\">Kamera kay\u0131t sistemleri<\/li>\n<li data-start=\"2415\" data-end=\"2436\">\u00c7erez teknolojileri<\/li>\n<\/ul>\n<p data-start=\"2438\" data-end=\"2465\">\u0130\u015flemenin hukuki sebepleri:<\/p>\n<ul>\n<li data-start=\"2469\" data-end=\"2500\">Kanunlarda a\u00e7\u0131k\u00e7a \u00f6ng\u00f6r\u00fclmesi<\/li>\n<li data-start=\"2503\" data-end=\"2568\">Bir s\u00f6zle\u015fmenin kurulmas\u0131 ya da ifas\u0131yla do\u011frudan ilgili olmas\u0131<\/li>\n<li data-start=\"2571\" data-end=\"2614\">Hukuki y\u00fck\u00fcml\u00fcl\u00fcklerin yerine getirilmesi<\/li>\n<li data-start=\"2617\" data-end=\"2641\">A\u00e7\u0131k r\u0131zan\u0131n bulunmas\u0131<\/li>\n<\/ul>\n<hr data-start=\"2643\" data-end=\"2646\" \/>\n<p data-start=\"2648\" data-end=\"2684\"><strong data-start=\"2648\" data-end=\"2684\">5. K\u0130\u015e\u0130SEL VER\u0130LER\u0130N AKTARILMASI<\/strong><\/p>\n<p data-start=\"2686\" data-end=\"2711\">Toplanan ki\u015fisel veriler;<\/p>\n<ul>\n<li data-start=\"2715\" data-end=\"2794\">T\u00fcrkiye i\u00e7indeki hastaneler, hekimler, laboratuvarlar ve sa\u011fl\u0131k kurulu\u015flar\u0131na<\/li>\n<li data-start=\"2797\" data-end=\"2843\">Hizmet al\u0131nan tedarik\u00e7iler ve i\u015f ortaklar\u0131na<\/li>\n<li data-start=\"2846\" data-end=\"2883\">Yetkili kamu kurum ve kurulu\u015flar\u0131na<\/li>\n<li data-start=\"2886\" data-end=\"2951\">Hizmet talebiniz do\u011frultusunda yurtd\u0131\u015f\u0131ndaki sa\u011fl\u0131k kurumlar\u0131na<\/li>\n<\/ul>\n<p data-start=\"2953\" data-end=\"3011\">KVKK\u2019n\u0131n 8. ve 9. maddelerine uygun \u015fekilde aktar\u0131labilir.<\/p>\n<hr data-start=\"3013\" data-end=\"3016\" \/>\n<p data-start=\"3018\" data-end=\"3047\"><strong data-start=\"3018\" data-end=\"3047\">6. VER\u0130 SAH\u0130B\u0130N\u0130N HAKLARI<\/strong><\/p>\n<p data-start=\"3049\" data-end=\"3106\">KVKK\u2019n\u0131n 11. maddesi gere\u011fi a\u015fa\u011f\u0131daki haklara sahipsiniz:<\/p>\n<ul>\n<li data-start=\"3110\" data-end=\"3159\">Ki\u015fisel verinizin i\u015flenip i\u015flenmedi\u011fini \u00f6\u011frenme<\/li>\n<li data-start=\"3162\" data-end=\"3204\">\u0130\u015flenmi\u015fse buna ili\u015fkin bilgi talep etme<\/li>\n<li data-start=\"3207\" data-end=\"3287\">Verilerin i\u015flenme amac\u0131n\u0131 ve amac\u0131na uygun kullan\u0131l\u0131p kullan\u0131lmad\u0131\u011f\u0131n\u0131 \u00f6\u011frenme<\/li>\n<li data-start=\"3290\" data-end=\"3333\">Verilerin aktar\u0131ld\u0131\u011f\u0131 3. ki\u015fileri \u00f6\u011frenme<\/li>\n<li data-start=\"3336\" data-end=\"3397\">Eksik ya da yanl\u0131\u015f i\u015flenmi\u015f verilerin d\u00fczeltilmesini isteme<\/li>\n<li data-start=\"3400\" data-end=\"3464\">KVKK\u2019n\u0131n 7. maddesi uyar\u0131nca silinmesini\/yok edilmesini isteme<\/li>\n<li data-start=\"3467\" data-end=\"3539\">D\u00fczeltme\/silme i\u015flemlerinin aktar\u0131ld\u0131\u011f\u0131 ki\u015filere bildirilmesini isteme<\/li>\n<li data-start=\"3542\" data-end=\"3623\">Otomatik sistemlerle analiz sonucu aleyhinize bir sonucun \u00e7\u0131kmas\u0131na itiraz etme<\/li>\n<li data-start=\"3626\" data-end=\"3691\">Kanuna ayk\u0131r\u0131 i\u015fleme nedeniyle zarar\u0131n giderilmesini talep etme<\/li>\n<\/ul>\n<p data-start=\"3693\" data-end=\"3867\">Bu taleplerinizi yaz\u0131l\u0131 olarak veya kay\u0131tl\u0131 elektronik posta (KEP), g\u00fcvenli elektronik imza, mobil imza ya da sistemde kay\u0131tl\u0131 e-posta adresiniz arac\u0131l\u0131\u011f\u0131yla iletebilirsiniz.<\/p>\n<hr data-start=\"3869\" data-end=\"3872\" \/>\n<p data-start=\"3874\" data-end=\"3896\"><strong data-start=\"3874\" data-end=\"3896\">7. A\u00c7IK RIZA METN\u0130<\/strong><\/p>\n<p data-start=\"3898\" data-end=\"4271\">\u0130lgili ki\u015fi olarak; \u00f6zel nitelikli (sa\u011fl\u0131k dahil) ve genel nitelikli ki\u015fisel verilerimin yukar\u0131daki ama\u00e7larla i\u015flenmesine, yurti\u00e7i ve yurtd\u0131\u015f\u0131ndaki i\u015f ortaklar\u0131 ve sa\u011fl\u0131k kurulu\u015flar\u0131yla payla\u015f\u0131lmas\u0131na, taraf\u0131ma ticari elektronik ileti g\u00f6nderilmesine, \u00e7erezler yoluyla analiz yap\u0131lmas\u0131na ve hizmet kalitesinin art\u0131r\u0131lmas\u0131 amac\u0131yla kullan\u0131lmas\u0131na a\u00e7\u0131k r\u0131zamla onay veriyorum.<\/p>\n<hr data-start=\"4273\" data-end=\"4276\" \/>\n<p data-start=\"4278\" data-end=\"4301\"><strong data-start=\"4278\" data-end=\"4301\">8. \u00c7EREZ POL\u0130T\u0130KASI<\/strong><\/p>\n<p data-start=\"4303\" data-end=\"4530\">Web sitemizde; kullan\u0131c\u0131 deneyimini geli\u015ftirmek, analiz yapmak ve hedefe y\u00f6nelik reklamlar sunmak amac\u0131yla \u00e7erezler kullan\u0131lmaktad\u0131r. \u00c7erezler, ziyaret etti\u011finiz site taraf\u0131ndan taray\u0131c\u0131n\u0131za g\u00f6nderilen k\u00fc\u00e7\u00fck metin dosyalar\u0131d\u0131r.<\/p>\n<p data-start=\"4532\" data-end=\"4561\"><strong data-start=\"4532\" data-end=\"4561\">Kullan\u0131lan \u00e7erez t\u00fcrleri:<\/strong><\/p>\n<ul>\n<li data-start=\"4565\" data-end=\"4583\">Zorunlu \u00c7erezler<\/li>\n<li data-start=\"4586\" data-end=\"4608\">Performans \u00c7erezleri<\/li>\n<li data-start=\"4611\" data-end=\"4630\">\u0130\u015flevsel \u00c7erezler<\/li>\n<li data-start=\"4633\" data-end=\"4664\">Hedefleme ve Reklam \u00c7erezleri<\/li>\n<\/ul>\n<p data-start=\"4666\" data-end=\"4814\">Taray\u0131c\u0131 ayarlar\u0131ndan \u00e7erezleri reddedebilir veya silebilirsiniz. Ancak bu durumda baz\u0131 web sitesi i\u015flevlerinden tam olarak yararlanamayabilirsiniz.<\/p>\n<hr data-start=\"4816\" data-end=\"4819\" \/>\n<p data-start=\"4821\" data-end=\"4853\"><strong data-start=\"4821\" data-end=\"4853\">9. HASTA ONAM FORMU HAKKINDA<\/strong><\/p>\n<p data-start=\"4855\" data-end=\"4960\">Hizmet \u00f6ncesinde taraf\u0131n\u0131za \u00f6zel olarak haz\u0131rlanm\u0131\u015f Hasta Bilgilendirme ve Onam Formu sunulur. Bu formda:<\/p>\n<ul>\n<li data-start=\"4964\" data-end=\"4979\">Tedavi s\u00fcreci<\/li>\n<li data-start=\"4982\" data-end=\"4997\">Olas\u0131 riskler<\/li>\n<li data-start=\"5000\" data-end=\"5030\">Alternatif tedavi y\u00f6ntemleri<\/li>\n<li data-start=\"5033\" data-end=\"5055\">Tedavi sonras\u0131 bak\u0131m<\/li>\n<\/ul>\n<p data-start=\"5057\" data-end=\"5137\">bilgileri yer almakta olup, imzal\u0131 onay\u0131n\u0131z al\u0131nmadan tedaviye ba\u015flanmamaktad\u0131r.<\/p>\n<hr data-start=\"5139\" data-end=\"5142\" \/>\n<p data-start=\"5144\" data-end=\"5252\"><strong data-start=\"5144\" data-end=\"5152\">Not:<\/strong> Bu metin ihtiya\u00e7lar do\u011frultusunda g\u00fcncellenebilir. G\u00fcncel versiyona web sitemizden ula\u015fabilirsiniz.<\/p>\n<hr data-start=\"5254\" data-end=\"5257\" \/>\n<p>[\/vc_column_text][\/vc_column][\/vc_row][vc_row row_hide=&#8221;hidden-xs hidden-sm&#8221;][vc_column column_content_align=&#8221;justify-content-end&#8221; width=&#8221;1\/4&#8243; css=&#8221;.vc_custom_1675408727278{background-color: #ffffff !important;border: 1px solid #ededed !important;border-radius: 15px !important;}&#8221; el_id=&#8221;formindex&#8221;]<style>.ld_fancy_heading_69e772d29fc41 h2 {font-size:30px; } @media (min-width: 992px) { .ld_fancy_heading_69e772d29fc41 h2 {padding-right:14% !important;  }  } .ld_fancy_heading_69e772d29fc41 .lqd-highlight-inner{height:0.275em!important;bottom:0px!important;}.ld_fancy_heading_69e772d29fc41 h2 {font-size:30px; } @media (min-width: 992px) { .ld_fancy_heading_69e772d29fc41 h2 {padding-right:14% !important;  }  } <\/style><div class=\"ld-fancy-heading ld_fancy_heading_69e772d29fc41\">\n\t<h2 class=\"ld-fh-element lqd-highlight-underline lqd-highlight-grow-left text-decoration-default\"   >  <\/p>\n<h2 style=\"color: #000;margin-top: -25px;margin-left: 1vw\">Make an Appointment<\/h2>\n<p><\/h2><\/div><style>.ld_cf7_69e772d29fed5 input,.ld_cf7_69e772d29fed5 textarea,.ld_cf7_69e772d29fed5 .ui-button.ui-selectmenu-button{font-size:14px;font-weight:400;}.ld_cf7_69e772d29fed5 input[type=\"submit\"]{font-size:16px;font-weight:700;background:rgb(255, 205, 40);color:rgb(24, 67, 65);border-color:rgb(255, 205, 40);}.ld_cf7_69e772d29fed5 input, .ld_cf7_69e772d29fed5 select, .ld_cf7_69e772d29fed5 textarea, .ld_cf7_69e772d29fed5 .ui-button.ui-selectmenu-button{background:rgb(248, 245, 243);}.ld_cf7_69e772d29fed5 input, .ld_cf7_69e772d29fed5 select, .ld_cf7_69e772d29fed5 textarea, .ld_cf7_69e772d29fed5 .ui-button.ui-selectmenu-button, .ld_cf7_69e772d29fed5 .wpcf7-form-control-wrap > i, .ld_cf7_69e772d29fed5 .wpcf7-radio{color:rgb(0, 0, 0);}.ld_cf7_69e772d29fed5 input[type=\"submit\"]:focus,.ld_cf7_69e772d29fed5 input[type=\"submit\"]:hover{background:rgb(24, 67, 65);}.ld_cf7_69e772d29fed5 input[type=\"submit\"]:hover{color:rgb(255, 255, 255);border-color:rgb(24, 67, 65);}.ld_cf7_69e772d29fed5 .wpcf7-form-control-wrap{margin-bottom:20px;}<\/style><div id=\"ld_cf7_69e772d29fed5\" class=\"lqd-contact-form lqd-contact-form-inputs-sm lqd-contact-form-inputs-filled lqd-contact-form-button-sm lqd-contact-form-button-block lqd-contact-form-button-round ld_cf7_69e772d29fed5 vc_custom_1675406857364\">\n\t\n<div class=\"wpcf7 no-js\" id=\"wpcf7-f6-o1\" lang=\"tr-TR\" dir=\"ltr\" data-wpcf7-id=\"6\">\n<div class=\"screen-reader-response\"><p role=\"status\" aria-live=\"polite\" aria-atomic=\"true\"><\/p> <ul><\/ul><\/div>\n<form action=\"\/tr\/wp-json\/wp\/v2\/pages\/3217#wpcf7-f6-o1\" method=\"post\" class=\"wpcf7-form init\" aria-label=\"\u0130leti\u015fim Formu\" novalidate=\"novalidate\" data-status=\"init\">\n<div style=\"display: none;\">\n<input type=\"hidden\" name=\"_wpcf7\" value=\"6\" \/>\n<input type=\"hidden\" name=\"_wpcf7_version\" value=\"6.0.6\" \/>\n<input type=\"hidden\" name=\"_wpcf7_locale\" value=\"tr_TR\" \/>\n<input type=\"hidden\" name=\"_wpcf7_unit_tag\" value=\"wpcf7-f6-o1\" \/>\n<input type=\"hidden\" name=\"_wpcf7_container_post\" value=\"0\" \/>\n<input type=\"hidden\" name=\"_wpcf7_posted_data_hash\" value=\"\" \/>\n<\/div>\n<div class=\"row\">\n\t<p class=\"col-md-6\"><br \/>\n<span class=\"wpcf7-form-control-wrap\" data-name=\"text-500\"><input size=\"40\" maxlength=\"400\" class=\"wpcf7-form-control wpcf7-text wpcf7-validates-as-required\" aria-required=\"true\" aria-invalid=\"false\" placeholder=\"Ad\" value=\"\" type=\"text\" name=\"text-500\" \/><\/span>\n\t<\/p>\n\t<p class=\"col-md-6\"><br \/>\n<span class=\"wpcf7-form-control-wrap\" data-name=\"email-48\"><input size=\"40\" maxlength=\"400\" class=\"wpcf7-form-control wpcf7-email wpcf7-validates-as-required wpcf7-text wpcf7-validates-as-email\" aria-required=\"true\" aria-invalid=\"false\" placeholder=\"E-Posta\" value=\"\" type=\"email\" name=\"email-48\" \/><\/span>\n\t<\/p>\n\t<p class=\"col-md-12\"><br \/>\n<span class=\"wpcf7-form-control-wrap tel-779\"><input type=\"hidden\" value=\"false\" class=\"check_validate\" name=\"tel-779_check\" \/><input class=\"wpcf7-form-control wpcf7-tel wpcf7-validates-as-required wpcf7-validates-as-tel\" aria-required=\"true\" aria-invalid=\"false\" placeholder=\"Telefon\" value=\"\" type=\"tel\" name=\"tel-779_hide\" data-name=\"tel-779\"  data-pre=\"\" data-excludeCountries=\"\" data-onlyct=\"\" data-defcountry=\"\" data-auto=\"\" data-validation=\"\" \/><\/span>\n\t<\/p>\n\t<p class=\"col-md-12\"><br \/>\n<span class=\"wpcf7-form-control-wrap\" data-name=\"menu-476\"><select class=\"wpcf7-form-control wpcf7-select wpcf7-validates-as-required\" aria-required=\"true\" aria-invalid=\"false\" name=\"menu-476\"><option value=\"T\u00fcp Bebek\">T\u00fcp Bebek<\/option><option value=\"Genel\">Genel<\/option><option value=\"\u00dcroloji\">\u00dcroloji<\/option><option value=\"Di\u015f Sa\u011fl\u0131\u011f\u0131\">Di\u015f Sa\u011fl\u0131\u011f\u0131<\/option><option value=\"BBL\">BBL<\/option><option value=\"Burun Esteti\u011fi\">Burun Esteti\u011fi<\/option><option value=\"Medikal Estetik\">Medikal Estetik<\/option><option value=\"Sa\u00e7 Ekimi\">Sa\u00e7 Ekimi<\/option><\/select><\/span>\n\t<\/p>\n\t<p class=\"col-md-12\"><br \/>\n<input class=\"wpcf7-form-control wpcf7-submit has-spinner\" type=\"submit\" value=\"G\u00f6nder\" \/>\n\t<\/p>\n<\/div><div class=\"wpcf7-response-output\" aria-hidden=\"true\"><\/div>\n<\/form>\n<\/div>\n<\/div>[\/vc_column][vc_column width=&#8221;3\/4&#8243; bg_position=&#8221;center center&#8221; css=&#8221;.vc_custom_1678104484269{margin-right: -13vw !important;margin-left: 15vw !important;padding-top: 65vh !important;background-image: url(https:\/\/modehealthservices.com\/wp-content\/uploads\/2023\/02\/form-alani-1.jpg?id=738) !important;background-position: center !important;background-repeat: no-repeat !important;background-size: cover !important;}&#8221;][\/vc_column][\/vc_row][vc_row row_hide=&#8221;hidden-md hidden-lg&#8221;][vc_column column_content_align=&#8221;justify-content-end&#8221; width=&#8221;1\/4&#8243; css=&#8221;.vc_custom_1675408727278{background-color: #ffffff !important;border: 1px solid #ededed !important;border-radius: 15px !important;}&#8221;]<style>.ld_fancy_heading_69e772d2a0de4 h2 {font-size:30px; } @media (min-width: 992px) { .ld_fancy_heading_69e772d2a0de4 h2 {padding-right:14% !important;  }  } .ld_fancy_heading_69e772d2a0de4 .lqd-highlight-inner{height:0.275em!important;bottom:0px!important;}.ld_fancy_heading_69e772d2a0de4 h2 {font-size:30px; } @media (min-width: 992px) { .ld_fancy_heading_69e772d2a0de4 h2 {padding-right:14% !important;  }  } <\/style><div class=\"ld-fancy-heading ld_fancy_heading_69e772d2a0de4\">\n\t<h2 class=\"ld-fh-element lqd-highlight-underline lqd-highlight-grow-left text-decoration-default\"   >  <\/p>\n<h2 style=\"color: #000;margin-top: -25px;margin-left: 1vw\">Make an Appointment<\/h2>\n<p><\/h2><\/div><style>.ld_cf7_69e772d2a0fe0 input,.ld_cf7_69e772d2a0fe0 textarea,.ld_cf7_69e772d2a0fe0 .ui-button.ui-selectmenu-button{font-size:14px;font-weight:400;}.ld_cf7_69e772d2a0fe0 input[type=\"submit\"]{font-size:16px;font-weight:700;background:rgb(255, 205, 40);color:rgb(24, 67, 65);border-color:rgb(255, 205, 40);}.ld_cf7_69e772d2a0fe0 input, .ld_cf7_69e772d2a0fe0 select, .ld_cf7_69e772d2a0fe0 textarea, .ld_cf7_69e772d2a0fe0 .ui-button.ui-selectmenu-button{background:rgb(248, 245, 243);}.ld_cf7_69e772d2a0fe0 input, .ld_cf7_69e772d2a0fe0 select, .ld_cf7_69e772d2a0fe0 textarea, .ld_cf7_69e772d2a0fe0 .ui-button.ui-selectmenu-button, .ld_cf7_69e772d2a0fe0 .wpcf7-form-control-wrap > i, .ld_cf7_69e772d2a0fe0 .wpcf7-radio{color:rgb(0, 0, 0);}.ld_cf7_69e772d2a0fe0 input[type=\"submit\"]:focus,.ld_cf7_69e772d2a0fe0 input[type=\"submit\"]:hover{background:rgb(24, 67, 65);}.ld_cf7_69e772d2a0fe0 input[type=\"submit\"]:hover{color:rgb(255, 255, 255);border-color:rgb(24, 67, 65);}.ld_cf7_69e772d2a0fe0 .wpcf7-form-control-wrap{margin-bottom:20px;}<\/style><div id=\"ld_cf7_69e772d2a0fe0\" class=\"lqd-contact-form lqd-contact-form-inputs-sm lqd-contact-form-inputs-filled lqd-contact-form-button-sm lqd-contact-form-button-block lqd-contact-form-button-round ld_cf7_69e772d2a0fe0 vc_custom_1675406857364\">\n\t\n<div class=\"wpcf7 no-js\" id=\"wpcf7-f6-o2\" lang=\"tr-TR\" dir=\"ltr\" data-wpcf7-id=\"6\">\n<div class=\"screen-reader-response\"><p role=\"status\" aria-live=\"polite\" aria-atomic=\"true\"><\/p> <ul><\/ul><\/div>\n<form action=\"\/tr\/wp-json\/wp\/v2\/pages\/3217#wpcf7-f6-o2\" method=\"post\" class=\"wpcf7-form init\" aria-label=\"\u0130leti\u015fim Formu\" novalidate=\"novalidate\" data-status=\"init\">\n<div style=\"display: none;\">\n<input type=\"hidden\" name=\"_wpcf7\" value=\"6\" \/>\n<input type=\"hidden\" name=\"_wpcf7_version\" value=\"6.0.6\" \/>\n<input type=\"hidden\" name=\"_wpcf7_locale\" value=\"tr_TR\" \/>\n<input type=\"hidden\" name=\"_wpcf7_unit_tag\" value=\"wpcf7-f6-o2\" \/>\n<input type=\"hidden\" name=\"_wpcf7_container_post\" value=\"0\" \/>\n<input type=\"hidden\" name=\"_wpcf7_posted_data_hash\" value=\"\" \/>\n<\/div>\n<div class=\"row\">\n\t<p class=\"col-md-6\"><br \/>\n<span class=\"wpcf7-form-control-wrap\" data-name=\"text-500\"><input size=\"40\" maxlength=\"400\" class=\"wpcf7-form-control wpcf7-text wpcf7-validates-as-required\" aria-required=\"true\" aria-invalid=\"false\" placeholder=\"Ad\" value=\"\" type=\"text\" name=\"text-500\" \/><\/span>\n\t<\/p>\n\t<p class=\"col-md-6\"><br \/>\n<span class=\"wpcf7-form-control-wrap\" data-name=\"email-48\"><input size=\"40\" maxlength=\"400\" class=\"wpcf7-form-control wpcf7-email wpcf7-validates-as-required wpcf7-text wpcf7-validates-as-email\" aria-required=\"true\" aria-invalid=\"false\" placeholder=\"E-Posta\" value=\"\" type=\"email\" name=\"email-48\" \/><\/span>\n\t<\/p>\n\t<p class=\"col-md-12\"><br \/>\n<span class=\"wpcf7-form-control-wrap tel-779\"><input type=\"hidden\" value=\"false\" class=\"check_validate\" name=\"tel-779_check\" \/><input class=\"wpcf7-form-control wpcf7-tel wpcf7-validates-as-required wpcf7-validates-as-tel\" aria-required=\"true\" aria-invalid=\"false\" placeholder=\"Telefon\" value=\"\" type=\"tel\" name=\"tel-779_hide\" data-name=\"tel-779\"  data-pre=\"\" data-excludeCountries=\"\" data-onlyct=\"\" data-defcountry=\"\" data-auto=\"\" data-validation=\"\" \/><\/span>\n\t<\/p>\n\t<p class=\"col-md-12\"><br \/>\n<span class=\"wpcf7-form-control-wrap\" data-name=\"menu-476\"><select class=\"wpcf7-form-control wpcf7-select wpcf7-validates-as-required\" aria-required=\"true\" aria-invalid=\"false\" name=\"menu-476\"><option value=\"T\u00fcp Bebek\">T\u00fcp Bebek<\/option><option value=\"Genel\">Genel<\/option><option value=\"\u00dcroloji\">\u00dcroloji<\/option><option value=\"Di\u015f Sa\u011fl\u0131\u011f\u0131\">Di\u015f Sa\u011fl\u0131\u011f\u0131<\/option><option value=\"BBL\">BBL<\/option><option value=\"Burun Esteti\u011fi\">Burun Esteti\u011fi<\/option><option value=\"Medikal Estetik\">Medikal Estetik<\/option><option value=\"Sa\u00e7 Ekimi\">Sa\u00e7 Ekimi<\/option><\/select><\/span>\n\t<\/p>\n\t<p class=\"col-md-12\"><br \/>\n<input class=\"wpcf7-form-control wpcf7-submit has-spinner\" type=\"submit\" value=\"G\u00f6nder\" \/>\n\t<\/p>\n<\/div><div class=\"wpcf7-response-output\" aria-hidden=\"true\"><\/div>\n<\/form>\n<\/div>\n<\/div>[\/vc_column][\/vc_row]<\/p>\n","protected":false},"excerpt":{"rendered":"<p>[vc_row bg_position=&#8221;center center&#8221; css=&#8221;.vc_custom_1678104474727{background-image: url(https:\/\/modehealthservices.com\/wp-content\/uploads\/2023\/02\/tedavi-ust-so-check.jpg?id=847) !important;background-position: center !important;background-repeat: no-repeat !important;background-size: cover !important;}&#8221;][vc_column css=&#8221;.vc_custom_1675342230286{padding-top: 24vh !important;padding-bottom: 24vh !important;}&#8221;][\/vc_column][\/vc_row][vc_row css=&#8221;.vc_custom_1675417565053{margin-bottom: 10vh !important;}&#8221;][vc_column][vc_column_text] K\u0130\u015e\u0130SEL VER\u0130LER\u0130N KORUNMASI KANUNU (KVKK) AYDINLATMA METN\u0130 Bu Ayd\u0131nlatma Metni, 6698 say\u0131l\u0131 Ki\u015fisel Verilerin Korunmas\u0131 Kanunu (\u201cKVKK\u201d) uyar\u0131nca, veri sorumlusu s\u0131fat\u0131yla MODE SA\u011eLIK TUR\u0130ZM\u0130 VE E\u011e\u0130T\u0130M DANI\u015eMANLIK H\u0130ZMETLER\u0130 L\u0130M\u0130TED \u015e\u0130RKET\u0130 (\u201c\u015eirket\u201d) taraf\u0131ndan haz\u0131rlanm\u0131\u015ft\u0131r. Bu metin, [&hellip;]<\/p>\n","protected":false},"author":1,"featured_media":0,"parent":0,"menu_order":0,"comment_status":"closed","ping_status":"closed","template":"","meta":{"_joinchat":[],"footnotes":""},"class_list":["post-3217","page","type-page","status-publish","hentry"],"_links":{"self":[{"href":"https:\/\/modehealthservices.com\/tr\/wp-json\/wp\/v2\/pages\/3217","targetHints":{"allow":["GET"]}}],"collection":[{"href":"https:\/\/modehealthservices.com\/tr\/wp-json\/wp\/v2\/pages"}],"about":[{"href":"https:\/\/modehealthservices.com\/tr\/wp-json\/wp\/v2\/types\/page"}],"author":[{"embeddable":true,"href":"https:\/\/modehealthservices.com\/tr\/wp-json\/wp\/v2\/users\/1"}],"replies":[{"embeddable":true,"href":"https:\/\/modehealthservices.com\/tr\/wp-json\/wp\/v2\/comments?post=3217"}],"version-history":[{"count":4,"href":"https:\/\/modehealthservices.com\/tr\/wp-json\/wp\/v2\/pages\/3217\/revisions"}],"predecessor-version":[{"id":3237,"href":"https:\/\/modehealthservices.com\/tr\/wp-json\/wp\/v2\/pages\/3217\/revisions\/3237"}],"wp:attachment":[{"href":"https:\/\/modehealthservices.com\/tr\/wp-json\/wp\/v2\/media?parent=3217"}],"curies":[{"name":"wp","href":"https:\/\/api.w.org\/{rel}","templated":true}]}}