{"id":714,"date":"2023-02-02T15:15:34","date_gmt":"2023-02-02T12:15:34","guid":{"rendered":"http:\/\/moddbeta.xyz\/modehealth\/?page_id=714"},"modified":"2025-04-25T17:06:53","modified_gmt":"2025-04-25T14:06:53","slug":"hakkimizda","status":"publish","type":"page","link":"https:\/\/modehealthservices.com\/tr\/hakkimizda\/","title":{"rendered":"Hakk\u0131m\u0131zda"},"content":{"rendered":"<p>[vc_row bg_position=&#8221;left center&#8221; css=&#8221;.vc_custom_1745589875414{background-image: url(https:\/\/modehealthservices.com\/wp-content\/uploads\/2023\/02\/about.jpg?id=837) !important;background-position: center !important;background-repeat: no-repeat !important;background-size: cover !important;}&#8221;][vc_column css=&#8221;.vc_custom_1675342230286{padding-top: 24vh !important;padding-bottom: 24vh !important;}&#8221;][\/vc_column][\/vc_row][vc_row css=&#8221;.vc_custom_1678104125672{margin-top: 15vh !important;background-image: url(https:\/\/modehealthservices.com\/wp-content\/uploads\/2023\/01\/sayfa-1-1-1.jpg?id=653) !important;background-position: center !important;background-repeat: no-repeat !important;background-size: contain !important;}&#8221; row_hide=&#8221;hidden-xs hidden-sm&#8221;][vc_column width=&#8221;1\/2&#8243;]<style>@media (min-width: 1200px) { .ld_fancy_heading_69e772a3518ca h1 {font-size:38px; }  } .ld_fancy_heading_69e772a3518ca .lqd-highlight-inner{height:0.275em!important;bottom:0px!important;}@media (min-width: 1200px) { .ld_fancy_heading_69e772a3518ca h1 {font-size:38px; }  } <\/style><div class=\"ld-fancy-heading ld_fancy_heading_69e772a3518ca\">\n\t<h1 class=\"ld-fh-element lqd-highlight-underline lqd-highlight-grow-left text-decoration-default\"   >  Hakk\u0131m\u0131zda<\/h1><\/div><style>.ld_icon_box_69e772a351c2a .iconbox-icon-container{color:rgb(156, 151, 145);width:38px !important;height:38px !important;background:rgb(255, 255, 255);border-radius:px;}.ld_icon_box_69e772a351c2a:hover .iconbox-icon-container{color:rgb(255, 255, 255);}.ld_icon_box_69e772a351c2a .iconbox-icon-wrap{margin-inline-end:22px !important;}.ld_icon_box_69e772a351c2a .iconbox-icon-container:before{border-color:rgb(255, 255, 255);}.ld_icon_box_69e772a351c2a .iconbox-icon-container .iconbox-icon-hover-bg{background:rgb(156, 151, 145);}.ld_icon_box_69e772a351c2a:hover .iconbox-icon-container:before{border-color:rgb(156, 151, 145);}.ld_icon_box_69e772a351c2a .lqd-iconbox-title{margin-bottom:15px;font-size:18px;}<\/style>\n<div class=\"iconbox iconbox-side text-left iconbox-icon-shadow iconbox-circle iconbox-icon-linked ld_icon_box_69e772a351c2a vc_custom_1725974713363\" id=\"ld_icon_box_69e772a351c2a\"  data-animate-icon=\"true\" data-plugin-options='{\"color\":\"rgb(156, 151, 145)\",\"hoverColor\":\"rgb(255, 255, 255)\"}'  >\n\t\n\t\t\t\t\t\n\t\n\t<div class=\"iconbox-icon-wrap\"><span class=\"iconbox-icon-container\"><span class=\"iconbox-icon-hover-bg\"><\/span><\/span><\/div>\t\n\t\t\n\t<div class=\"contents\">\t\n\t\t\n\t<h3 class=\"lqd-iconbox-title \">Profesyonel Ekip<\/h3>\t<div class=\"elementor-section elementor-inner-section elementor-element elementor-element-f4b131f elementor-section-boxed elementor-section-height-default elementor-section-height-default\" data-id=\"f4b131f\" data-element_type=\"section\">\n<div class=\"elementor-container elementor-column-gap-default\">\n<div class=\"elementor-column elementor-col-100 elementor-inner-column elementor-element elementor-element-7ef3d86 animated fadeIn\" data-id=\"7ef3d86\" data-element_type=\"column\" data-settings=\"{&quot;animation&quot;:&quot;fadeIn&quot;}\">\n<div class=\"elementor-widget-wrap elementor-element-populated\">\n<div class=\"elementor-element elementor-element-8c9e678 elementor-widget elementor-widget-dustro-faq2\" data-id=\"8c9e678\" data-element_type=\"widget\" data-widget_type=\"dustro-faq2.default\">\n<div class=\"elementor-widget-container\">\n<div class=\"faq2\">\n<p style=\"font-size: 15px !important\">Anla\u015fmal\u0131 sa\u011fl\u0131k kurumlar\u0131m\u0131z ve uzman ekibimizle birlikte sizlere daha kaliteli hizmet verebilmek i\u00e7in titizlikle \u00e7al\u0131\u015f\u0131yoruz.<\/p>\n<\/div>\n<\/div>\n<\/div>\n<\/div>\n<\/div>\n<\/div>\n<\/div>\n\t\t\n\t<\/div>\t\n\t\n<\/div>\n<style>.ld_icon_box_69e772a35f3e7 .iconbox-icon-container{color:rgb(21, 81, 83);width:38px !important;height:38px !important;background:rgb(255, 255, 255);border-radius:px;}.ld_icon_box_69e772a35f3e7:hover .iconbox-icon-container{color:rgb(255, 255, 255);}.ld_icon_box_69e772a35f3e7 .iconbox-icon-wrap{margin-inline-end:22px !important;}.ld_icon_box_69e772a35f3e7 .iconbox-icon-container:before{border-color:rgb(255, 255, 255);}.ld_icon_box_69e772a35f3e7 .iconbox-icon-container .iconbox-icon-hover-bg{background:rgb(156, 151, 145);}.ld_icon_box_69e772a35f3e7:hover .iconbox-icon-container:before{border-color:rgb(156, 151, 145);}.ld_icon_box_69e772a35f3e7 .lqd-iconbox-title{margin-bottom:15px;font-size:18px;}<\/style>\n<div class=\"iconbox iconbox-side text-left iconbox-icon-shadow iconbox-circle iconbox-icon-linked ld_icon_box_69e772a35f3e7 vc_custom_1725974730488\" id=\"ld_icon_box_69e772a35f3e7\"  data-animate-icon=\"true\" data-plugin-options='{\"color\":\"rgb(21, 81, 83)\",\"hoverColor\":\"rgb(255, 255, 255)\"}'  >\n\t\n\t\t\t\t\t\n\t\n\t<div class=\"iconbox-icon-wrap\"><span class=\"iconbox-icon-container\"><span class=\"iconbox-icon-hover-bg\"><\/span><\/span><\/div>\t\n\t\t\n\t<div class=\"contents\">\t\n\t\t\n\t<h3 class=\"lqd-iconbox-title \">Kaliteli Hizmet Anlay\u0131\u015f\u0131<\/h3>\t<div class=\"elementor-section elementor-inner-section elementor-element elementor-element-b9cee98 elementor-section-boxed elementor-section-height-default elementor-section-height-default\" data-id=\"b9cee98\" data-element_type=\"section\">\n<div class=\"elementor-container elementor-column-gap-default\">\n<div class=\"elementor-column elementor-col-100 elementor-inner-column elementor-element elementor-element-edce915 animated fadeIn\" data-id=\"edce915\" data-element_type=\"column\" data-settings=\"{&quot;animation&quot;:&quot;fadeIn&quot;,&quot;animation_delay&quot;:200}\">\n<div class=\"elementor-widget-wrap elementor-element-populated\">\n<div class=\"elementor-element elementor-element-6d53c18 elementor-widget elementor-widget-dustro-faq2\" data-id=\"6d53c18\" data-element_type=\"widget\" data-widget_type=\"dustro-faq2.default\">\n<div class=\"elementor-widget-container\">\n<div class=\"faq2\">\n<p style=\"font-size: 15px !important\">\u0130deallerinden asla sapmayan, her zaman insan sa\u011fl\u0131\u011f\u0131n\u0131 ve kaliteli hizmeti \u00f6n planda tutan bizler, b\u00fcy\u00fcyen ekibimizle sizlere en kaliteli hizmeti sunmaya devam ediyoruz.<\/p>\n<\/div>\n<\/div>\n<\/div>\n<\/div>\n<\/div>\n<\/div>\n<\/div>\n\t\t\n\t<\/div>\t\n\t\n<\/div>\n<style>.ld_icon_box_69e772a3675e4 .iconbox-icon-container{color:rgb(21, 81, 83);width:38px !important;height:38px !important;background:rgb(255, 255, 255);border-radius:px;}.ld_icon_box_69e772a3675e4:hover .iconbox-icon-container{color:rgb(255, 255, 255);}.ld_icon_box_69e772a3675e4 .iconbox-icon-wrap{margin-inline-end:22px !important;}.ld_icon_box_69e772a3675e4 .iconbox-icon-container:before{border-color:rgb(255, 255, 255);}.ld_icon_box_69e772a3675e4 .iconbox-icon-container .iconbox-icon-hover-bg{background:rgb(156, 151, 145);}.ld_icon_box_69e772a3675e4:hover .iconbox-icon-container:before{border-color:rgb(156, 151, 145);}.ld_icon_box_69e772a3675e4 .lqd-iconbox-title{margin-bottom:15px;font-size:18px;}<\/style>\n<div class=\"iconbox iconbox-side text-left iconbox-icon-shadow iconbox-circle iconbox-icon-linked ld_icon_box_69e772a3675e4 vc_custom_1725974759202\" id=\"ld_icon_box_69e772a3675e4\"  data-animate-icon=\"true\" data-plugin-options='{\"color\":\"rgb(21, 81, 83)\",\"hoverColor\":\"rgb(255, 255, 255)\"}'  >\n\t\n\t\t\t\t\t\n\t\n\t<div class=\"iconbox-icon-wrap\"><span class=\"iconbox-icon-container\"><span class=\"iconbox-icon-hover-bg\"><\/span><\/span><\/div>\t\n\t\t\n\t<div class=\"contents\">\t\n\t\t\n\t<h3 class=\"lqd-iconbox-title \">Mode Health Nedir?<\/h3>\t<div class=\"elementor-section elementor-inner-section elementor-element elementor-element-b9cee98 elementor-section-boxed elementor-section-height-default elementor-section-height-default\" data-id=\"b9cee98\" data-element_type=\"section\">\n<div class=\"elementor-container elementor-column-gap-default\">\n<div class=\"elementor-column elementor-col-100 elementor-inner-column elementor-element elementor-element-edce915 animated fadeIn\" data-id=\"edce915\" data-element_type=\"column\" data-settings=\"{&quot;animation&quot;:&quot;fadeIn&quot;,&quot;animation_delay&quot;:200}\">\n<div class=\"elementor-widget-wrap elementor-element-populated\">\n<div class=\"elementor-element elementor-element-6d53c18 elementor-widget elementor-widget-dustro-faq2\" data-id=\"6d53c18\" data-element_type=\"widget\" data-widget_type=\"dustro-faq2.default\">\n<div class=\"elementor-widget-container\">\n<div class=\"faq2\">\n<p style=\"font-size: 15px !important\">Kurucu ortaklar\u0131 sa\u011fl\u0131k profesyonelleri olan \u015firketimiz, y\u0131llar i\u00e7erisinde edinilen bilgi birikimi ile 2018 y\u0131l\u0131ndan itibaren sekt\u00f6r\u00fcn bir\u00e7ok alan\u0131nda y\u00f6neticilik ve faaliyet g\u00f6stermeye ba\u015flam\u0131\u015ft\u0131r.<\/p>\n<\/div>\n<\/div>\n<\/div>\n<\/div>\n<\/div>\n<\/div>\n<\/div>\n\t\t\n\t<\/div>\t\n\t\n<\/div>\n[\/vc_column][vc_column width=&#8221;1\/2&#8243;][\/vc_column][\/vc_row][vc_row css=&#8221;.vc_custom_1675848761734{margin-top: 15vh !important;background-position: center !important;background-repeat: no-repeat !important;background-size: cover !important;}&#8221; row_hide=&#8221;hidden-md hidden-lg&#8221;][vc_column width=&#8221;1\/2&#8243;]<style>@media (min-width: 1200px) { .ld_fancy_heading_69e772a368818 h1 {font-size:38px; }  } .ld_fancy_heading_69e772a368818 .lqd-highlight-inner{height:0.275em!important;bottom:0px!important;}@media (min-width: 1200px) { .ld_fancy_heading_69e772a368818 h1 {font-size:38px; }  } <\/style><div class=\"ld-fancy-heading ld_fancy_heading_69e772a368818\">\n\t<h1 class=\"ld-fh-element lqd-highlight-underline lqd-highlight-grow-left text-decoration-default\"   >  Hakk\u0131m\u0131zda<\/h1><\/div><style>.ld_icon_box_69e772a368e46 .iconbox-icon-container{color:rgb(156, 151, 145);width:38px !important;height:38px !important;background:rgb(255, 255, 255);border-radius:px;}.ld_icon_box_69e772a368e46:hover .iconbox-icon-container{color:rgb(255, 255, 255);}.ld_icon_box_69e772a368e46 .iconbox-icon-wrap{margin-inline-end:22px !important;}.ld_icon_box_69e772a368e46 .iconbox-icon-container:before{border-color:rgb(255, 255, 255);}.ld_icon_box_69e772a368e46 .iconbox-icon-container .iconbox-icon-hover-bg{background:rgb(156, 151, 145);}.ld_icon_box_69e772a368e46:hover .iconbox-icon-container:before{border-color:rgb(156, 151, 145);}.ld_icon_box_69e772a368e46 .lqd-iconbox-title{margin-bottom:15px;font-size:18px;}<\/style>\n<div class=\"iconbox iconbox-side text-left iconbox-icon-shadow iconbox-circle iconbox-icon-linked ld_icon_box_69e772a368e46 vc_custom_1745589799134\" id=\"ld_icon_box_69e772a368e46\"  data-animate-icon=\"true\" data-plugin-options='{\"color\":\"rgb(156, 151, 145)\",\"hoverColor\":\"rgb(255, 255, 255)\"}'  >\n\t\n\t\t\t\t\t\n\t\n\t<div class=\"iconbox-icon-wrap\"><span class=\"iconbox-icon-container\"><span class=\"iconbox-icon-hover-bg\"><\/span><\/span><\/div>\t\n\t\t\n\t<div class=\"contents\">\t\n\t\t\n\t<h3 class=\"lqd-iconbox-title \">Profesyonel Ekip<\/h3>\t<p>Anla\u015fmal\u0131 sa\u011fl\u0131k kurulu\u015flar\u0131m\u0131z ve uzman ekibimizle birlikte sizlere daha kaliteli hizmet sunmak i\u00e7in \u00f6zenle \u00e7al\u0131\u015f\u0131yoruz.<\/p>\n\t\t\n\t<\/div>\t\n\t\n<\/div>\n<style>.ld_icon_box_69e772a378f1a .iconbox-icon-container{color:rgb(21, 81, 83);width:38px !important;height:38px !important;background:rgb(255, 255, 255);border-radius:px;}.ld_icon_box_69e772a378f1a:hover .iconbox-icon-container{color:rgb(255, 255, 255);}.ld_icon_box_69e772a378f1a .iconbox-icon-wrap{margin-inline-end:22px !important;}.ld_icon_box_69e772a378f1a .iconbox-icon-container:before{border-color:rgb(255, 255, 255);}.ld_icon_box_69e772a378f1a .iconbox-icon-container .iconbox-icon-hover-bg{background:rgb(156, 151, 145);}.ld_icon_box_69e772a378f1a:hover .iconbox-icon-container:before{border-color:rgb(156, 151, 145);}.ld_icon_box_69e772a378f1a .lqd-iconbox-title{margin-bottom:15px;font-size:18px;}<\/style>\n<div class=\"iconbox iconbox-side text-left iconbox-icon-shadow iconbox-circle iconbox-icon-linked ld_icon_box_69e772a378f1a vc_custom_1745589814900\" id=\"ld_icon_box_69e772a378f1a\"  data-animate-icon=\"true\" data-plugin-options='{\"color\":\"rgb(21, 81, 83)\",\"hoverColor\":\"rgb(255, 255, 255)\"}'  >\n\t\n\t\t\t\t\t\n\t\n\t<div class=\"iconbox-icon-wrap\"><span class=\"iconbox-icon-container\"><span class=\"iconbox-icon-hover-bg\"><\/span><\/span><\/div>\t\n\t\t\n\t<div class=\"contents\">\t\n\t\t\n\t<h3 class=\"lqd-iconbox-title \">Kaliteli Hizmet Anlay\u0131\u015f\u0131<\/h3>\t<p>\u0130deallerinden asla sapmayan, insan sa\u011fl\u0131\u011f\u0131n\u0131 ve kaliteli hizmeti her zaman \u00f6n planda tutan bizler, b\u00fcy\u00fcyen ekibimizle sizlere en kaliteli hizmeti sunmaya devam ediyoruz.<\/p>\n\t\t\n\t<\/div>\t\n\t\n<\/div>\n<style>.ld_icon_box_69e772a37bd30 .iconbox-icon-container{color:rgb(21, 81, 83);width:38px !important;height:38px !important;background:rgb(255, 255, 255);border-radius:px;}.ld_icon_box_69e772a37bd30:hover .iconbox-icon-container{color:rgb(255, 255, 255);}.ld_icon_box_69e772a37bd30 .iconbox-icon-wrap{margin-inline-end:22px !important;}.ld_icon_box_69e772a37bd30 .iconbox-icon-container:before{border-color:rgb(255, 255, 255);}.ld_icon_box_69e772a37bd30 .iconbox-icon-container .iconbox-icon-hover-bg{background:rgb(156, 151, 145);}.ld_icon_box_69e772a37bd30:hover .iconbox-icon-container:before{border-color:rgb(156, 151, 145);}.ld_icon_box_69e772a37bd30 .lqd-iconbox-title{margin-bottom:15px;font-size:18px;}<\/style>\n<div class=\"iconbox iconbox-side text-left iconbox-icon-shadow iconbox-circle iconbox-icon-linked ld_icon_box_69e772a37bd30 vc_custom_1745589829818\" id=\"ld_icon_box_69e772a37bd30\"  data-animate-icon=\"true\" data-plugin-options='{\"color\":\"rgb(21, 81, 83)\",\"hoverColor\":\"rgb(255, 255, 255)\"}'  >\n\t\n\t\t\t\t\t\n\t\n\t<div class=\"iconbox-icon-wrap\"><span class=\"iconbox-icon-container\"><span class=\"iconbox-icon-hover-bg\"><\/span><\/span><\/div>\t\n\t\t\n\t<div class=\"contents\">\t\n\t\t\n\t<h3 class=\"lqd-iconbox-title \">Mode Health Nedir<\/h3>\t<p>Kurucu ortaklar\u0131 sa\u011fl\u0131k profesyonelleri olan \u015firketimiz, y\u0131llar i\u00e7inde edindi\u011fi bilgi birikimi ile 2018 y\u0131l\u0131ndan itibaren sekt\u00f6r\u00fcn bir\u00e7ok alan\u0131nda y\u00f6netim ve faaliyet g\u00f6stermeye ba\u015flam\u0131\u015ft\u0131r.<\/p>\n\t\t\n\t<\/div>\t\n\t\n<\/div>\n[\/vc_column][vc_column width=&#8221;1\/2&#8243; css=&#8221;.vc_custom_1675849986320{background-image: url(http:\/\/moddbeta.xyz\/modehealth\/wp-content\/uploads\/2023\/01\/sayfa-1-B-1.jpg?id=550) !important;background-position: center !important;background-repeat: no-repeat !important;background-size: cover !important;}&#8221;][\/vc_column][\/vc_row]<\/p>\n","protected":false},"excerpt":{"rendered":"<p>[vc_row bg_position=&#8221;left center&#8221; css=&#8221;.vc_custom_1745589875414{background-image: url(https:\/\/modehealthservices.com\/wp-content\/uploads\/2023\/02\/about.jpg?id=837) !important;background-position: center !important;background-repeat: no-repeat !important;background-size: cover !important;}&#8221;][vc_column css=&#8221;.vc_custom_1675342230286{padding-top: 24vh !important;padding-bottom: 24vh !important;}&#8221;][\/vc_column][\/vc_row][vc_row css=&#8221;.vc_custom_1678104125672{margin-top: 15vh !important;background-image: url(https:\/\/modehealthservices.com\/wp-content\/uploads\/2023\/01\/sayfa-1-1-1.jpg?id=653) !important;background-position: center !important;background-repeat: no-repeat !important;background-size: contain !important;}&#8221; row_hide=&#8221;hidden-xs hidden-sm&#8221;][vc_column width=&#8221;1\/2&#8243;][\/vc_column][vc_column width=&#8221;1\/2&#8243;][\/vc_column][\/vc_row][vc_row css=&#8221;.vc_custom_1675848761734{margin-top: 15vh !important;background-position: center !important;background-repeat: no-repeat !important;background-size: cover !important;}&#8221; row_hide=&#8221;hidden-md hidden-lg&#8221;][vc_column width=&#8221;1\/2&#8243;][\/vc_column][vc_column width=&#8221;1\/2&#8243; css=&#8221;.vc_custom_1675849986320{background-image: url(http:\/\/moddbeta.xyz\/modehealth\/wp-content\/uploads\/2023\/01\/sayfa-1-B-1.jpg?id=550) !important;background-position: center !important;background-repeat: no-repeat !important;background-size: cover !important;}&#8221;][\/vc_column][\/vc_row]<\/p>\n","protected":false},"author":1,"featured_media":0,"parent":0,"menu_order":0,"comment_status":"closed","ping_status":"closed","template":"","meta":{"_joinchat":[],"footnotes":""},"class_list":["post-714","page","type-page","status-publish","hentry"],"_links":{"self":[{"href":"https:\/\/modehealthservices.com\/tr\/wp-json\/wp\/v2\/pages\/714","targetHints":{"allow":["GET"]}}],"collection":[{"href":"https:\/\/modehealthservices.com\/tr\/wp-json\/wp\/v2\/pages"}],"about":[{"href":"https:\/\/modehealthservices.com\/tr\/wp-json\/wp\/v2\/types\/page"}],"author":[{"embeddable":true,"href":"https:\/\/modehealthservices.com\/tr\/wp-json\/wp\/v2\/users\/1"}],"replies":[{"embeddable":true,"href":"https:\/\/modehealthservices.com\/tr\/wp-json\/wp\/v2\/comments?post=714"}],"version-history":[{"count":22,"href":"https:\/\/modehealthservices.com\/tr\/wp-json\/wp\/v2\/pages\/714\/revisions"}],"predecessor-version":[{"id":2831,"href":"https:\/\/modehealthservices.com\/tr\/wp-json\/wp\/v2\/pages\/714\/revisions\/2831"}],"wp:attachment":[{"href":"https:\/\/modehealthservices.com\/tr\/wp-json\/wp\/v2\/media?parent=714"}],"curies":[{"name":"wp","href":"https:\/\/api.w.org\/{rel}","templated":true}]}}