{"id":770,"date":"2023-02-03T09:57:28","date_gmt":"2023-02-03T06:57:28","guid":{"rendered":"http:\/\/moddbeta.xyz\/modehealth\/?page_id=770"},"modified":"2025-05-05T18:16:00","modified_gmt":"2025-05-05T15:16:00","slug":"brezilya-popo-estetigi-bbl","status":"publish","type":"page","link":"https:\/\/modehealthservices.com\/tr\/brezilya-popo-estetigi-bbl\/","title":{"rendered":"Brezilya Popo Esteti\u011fi- BBL"},"content":{"rendered":"<p>[vc_row bg_position=&#8221;center center&#8221; css=&#8221;.vc_custom_1678104267846{background-image: url(https:\/\/modehealthservices.com\/wp-content\/uploads\/2023\/02\/tedavi-ust-bbl-1.jpg?id=842) !important;background-position: center !important;background-repeat: no-repeat !important;background-size: cover !important;}&#8221;][vc_column css=&#8221;.vc_custom_1675342230286{padding-top: 24vh !important;padding-bottom: 24vh !important;}&#8221;][\/vc_column][\/vc_row][vc_row content_placement=&#8221;middle&#8221; css=&#8221;.vc_custom_1605622148793{padding-top: 60px !important;padding-bottom: 80px !important;}&#8221; responsive_css=&#8221;padding_top_medium:120px|padding_bottom_medium:140px&#8221;][vc_column offset=&#8221;vc_col-md-4&#8243; responsive_css=&#8221;padding_right_large:10%25|padding_bottom_medium:0px&#8221; css=&#8221;.vc_custom_1605622117741{padding-bottom: 40px !important;}&#8221;]<style>.ld_fancy_heading_69e772a1dc620 .lqd-highlight-inner{height:0.275em!important;bottom:0px!important;}<\/style><div class=\"ld-fancy-heading ld_fancy_heading_69e772a1dc620\">\n\t<h2 class=\"ld-fh-element lqd-highlight-underline lqd-highlight-grow-left text-decoration-default\"   >  <\/p>\n<pre id=\"tw-target-text\" class=\"tw-data-text tw-text-large tw-ta\" dir=\"ltr\" data-placeholder=\"\u00c7eviri\" data-ved=\"2ahUKEwi6sqalzYyNAxXMVfEDHWcGOuQQ3ewLegQIAhAV\" aria-label=\"\u00c7evrilmi\u015f metin: Brezilya Popo Esteti\u011fi\">Popo Kald\u0131rma (BBL) Ameliyat\u0131<\/pre>\n<p><\/h2><\/div><style>.ld_fancy_heading_69e772a1dc948 p {margin-bottom:1.5em !important;  } .ld_fancy_heading_69e772a1dc948 .lqd-highlight-inner{height:0.275em!important;bottom:0px!important;}.ld_fancy_heading_69e772a1dc948 p {margin-bottom:1.5em !important;  } <\/style><div class=\"ld-fancy-heading ld_fancy_heading_69e772a1dc948\">\n\t<p class=\"ld-fh-element lqd-highlight-underline lqd-highlight-grow-left text-decoration-default\"   >  Genellikle minimal invaziv bir cerrahi i\u015flem olan popo kald\u0131rma ameliyat\u0131n\u0131n temel amac\u0131, kal\u00e7alar\u0131n boyutunu art\u0131rmak ve daha estetik bir \u015fekil kazand\u0131rmakt\u0131r. Bu i\u015flem, implant kullan\u0131lmadan etkileyici sonu\u00e7lar elde etmeyi hedefleyen basit bir ya\u011f transferi prosed\u00fcr\u00fcd\u00fcr. Genellikle kal\u00e7a \u00e7evresinden \u2013 bel, basen ve uyluk gibi b\u00f6lgelerden \u2013 liposuction y\u00f6ntemiyle al\u0131nan fazla ya\u011f, stratejik olarak k\u00fc\u00e7\u00fck hacimlerde kal\u00e7alara enjekte edilir. Bu hem daha fazla hacim hem de daha iyi bir \u015fekil sa\u011flar.<\/p><\/div>[\/vc_column][vc_column offset=&#8221;vc_col-md-offset-2 vc_col-md-5&#8243;]<div id=\"ld_images_group_container_69e772a1dcafe\" class=\"lqd-imggrp-container ld_images_group_container_69e772a1dcafe\"   >\n\t<div class=\"lqd-imggrp-inner\">\n\t\t<p><style>.ld_images_group_element_69e772a1dccf1{position:absolute;}.ld_images_group_element_69e772a1dccf1 {bottom:-10% !important; left:45% !important;  } .ld_images_group_element_69e772a1dccf1 {bottom:-10% !important; left:45% !important;  } <\/style><div id=\"ld_images_group_element_69e772a1dccf1\" class=\"lqd-imggrp-single ld_images_group_element_69e772a1dccf1\" data-shadow-style=\"3\" data-roundness=\"2\" data-inview=\"true\" data-inview-options='{\"delayTime\":500}' data-animate-shadow=\"true\" data-hover3d=\"true\"  >\n\t\n\t<div class=\"lqd-imggrp-img-container\" data-stacking-factor=\"1\"   >\n\t\t\n\t\t\t\t\n\t\t\t\t<figure ><img decoding=\"async\" width=\"350\" height=\"350\" src=\"https:\/\/modehealthservices.com\/wp-content\/uploads\/2023\/02\/700X700-hizmetler-BACRO-2.png\" srcset=\"https:\/\/modehealthservices.com\/wp-content\/uploads\/2023\/02\/700X700-hizmetler-BACRO-2-300x300.png 300w, https:\/\/modehealthservices.com\/wp-content\/uploads\/2023\/02\/700X700-hizmetler-BACRO-2-150x150.png 150w, https:\/\/modehealthservices.com\/wp-content\/uploads\/2023\/02\/700X700-hizmetler-BACRO-2.png 700w\" class=\"\" alt=\"\" itemprop=\"image\" \/><\/figure>\t\t\t\t\t\t\t\t\n\t<\/div><!-- \/.lqd-imggrp-content -->\n<\/div><!-- \/.lqd-imggrp-single --><div id=\"ld_images_group_element_69e772a1df045\" class=\"lqd-imggrp-single ld_images_group_element_69e772a1df045\" data-shadow-style=\"3\" data-roundness=\"2\" data-inview=\"true\" data-animate-shadow=\"true\" data-hover3d=\"true\"  >\n\t\n\t<div class=\"lqd-imggrp-img-container\" data-stacking-factor=\"1\"   >\n\t\t\n\t\t\t\t\n\t\t\t\t<figure ><img decoding=\"async\" width=\"350\" height=\"350\" src=\"data:image\/svg+xml;charset=utf-8,%3Csvg xmlns%3D&#039;http%3A%2F%2Fwww.w3.org%2F2000%2Fsvg&#039; viewBox%3D&#039;0 0 700 700&#039;%2F%3E\" class=\" ld-lazyload\" alt=\"\" itemprop=\"image\" data-src=\"https:\/\/modehealthservices.com\/wp-content\/uploads\/2023\/02\/700X700-hizmetler-bbl-1.jpg\" data-srcset=\"https:\/\/modehealthservices.com\/wp-content\/uploads\/2023\/02\/700X700-hizmetler-bbl-1-300x300.jpg 300w, https:\/\/modehealthservices.com\/wp-content\/uploads\/2023\/02\/700X700-hizmetler-bbl-1-150x150.jpg 150w, https:\/\/modehealthservices.com\/wp-content\/uploads\/2023\/02\/700X700-hizmetler-bbl-1.jpg 700w\" data-aspect=\"1\" \/><\/figure>\t\t\t\t\t\t\t\t\n\t<\/div><!-- \/.lqd-imggrp-content -->\n<\/div><!-- \/.lqd-imggrp-single --><\/p>\n\t\n\t<\/div><!-- \/.lqd-imggrp-inner -->\n<\/div><!-- \/.lqd-imggrp-container -->[\/vc_column][\/vc_row][vc_row css=&#8221;.vc_custom_1675415587630{margin-bottom: 10vh !important;}&#8221;][vc_column][vc_column_text]<\/p>\n<p class=\"\" data-start=\"593\" data-end=\"636\"><strong data-start=\"593\" data-end=\"636\">Popo Kald\u0131rma \u00d6ncesi Dan\u0131\u015fmanl\u0131k S\u00fcreci<\/strong><\/p>\n<p class=\"\" data-start=\"638\" data-end=\"991\">Mode Health Services olarak, BBL ameliyat\u0131n\u0131 d\u00fc\u015f\u00fcnen herkesi beklentileri ve prosed\u00fcr\u00fc isteme nedenleri konusunda tamamen d\u00fcr\u00fcst olmaya te\u015fvik ediyoruz. E\u011fer kendinizi iyi hissetmiyorsan\u0131z veya sa\u011fl\u0131k durumunuz iyi de\u011filse, ameliyat\u0131 yeniden de\u011ferlendirmeniz \u00f6nerilebilir. Prosed\u00fcrle ilgili t\u00fcm riskler dan\u0131\u015fmanl\u0131k s\u00fcrecinde ayr\u0131nt\u0131l\u0131 \u015fekilde g\u00f6r\u00fc\u015f\u00fcl\u00fcr.<\/p>\n<p class=\"\" data-start=\"993\" data-end=\"1038\"><strong data-start=\"993\" data-end=\"1038\">BBL Ameliyat\u0131 S\u0131ras\u0131nda Neler Beklenmeli?<\/strong><\/p>\n<p class=\"\" data-start=\"1040\" data-end=\"1494\">BBL ameliyat\u0131n\u0131z\u0131n ilk ad\u0131m\u0131, kal\u00e7an\u0131z\u0131n \u00e7evresindeki istenilen b\u00f6lgeden liposuction yap\u0131lmas\u0131d\u0131r. Ekip, liposuction i\u015flemindeki kesileri m\u00fcmk\u00fcn oldu\u011funca k\u00fc\u00e7\u00fck tutmaya \u00e7al\u0131\u015facakt\u0131r. Bu kesiler genellikle sadece 3\u20134 mm uzunlu\u011fundad\u0131r. Liposuction yaln\u0131zca sorunlu b\u00f6lgelerden ya\u011f almak i\u00e7in de\u011fil, ayn\u0131 zamanda kal\u00e7aya do\u011fal bir destek sa\u011flamak i\u00e7in de yap\u0131l\u0131r. Bu ya\u011f\u0131n kal\u00e7a b\u00f6lgesine e\u015fit \u015fekilde enjekte edilmesi ise i\u015flemin ikinci ve son a\u015famas\u0131d\u0131r.<\/p>\n<p class=\"\" data-start=\"1496\" data-end=\"1554\"><strong data-start=\"1496\" data-end=\"1554\">Popo Kald\u0131rma Ameliyat\u0131 Sonras\u0131 \u0130yile\u015fme S\u00fcresi Nedir?<\/strong><\/p>\n<p class=\"\" data-start=\"1556\" data-end=\"1896\">Ameliyat sonras\u0131 morluklar\u0131n veya \u015fi\u015fliklerin azalmas\u0131 ve altta yatan rahats\u0131zl\u0131klar\u0131n ge\u00e7mesi yakla\u015f\u0131k 2 hafta s\u00fcrebilir. Siz de popo kald\u0131rma ameliyat\u0131 yapt\u0131rmak istiyorsan\u0131z ve fiyat\u0131 h\u0131zl\u0131ca \u00f6\u011frenmek istiyorsan\u0131z, formu doldurarak bilgi alabilirsiniz. Ya da farkl\u0131 sorular\u0131n\u0131z varsa, detayl\u0131 bilgi i\u00e7in bizimle ileti\u015fime ge\u00e7ebilirsiniz.<\/p>\n<p>[\/vc_column_text][\/vc_column][\/vc_row][vc_row row_hide=&#8221;hidden-xs hidden-sm&#8221;][vc_column column_content_align=&#8221;justify-content-end&#8221; width=&#8221;1\/4&#8243; css=&#8221;.vc_custom_1675408727278{background-color: #ffffff !important;border: 1px solid #ededed !important;border-radius: 15px !important;}&#8221; el_id=&#8221;formindex&#8221;]<style>.ld_fancy_heading_69e772a22f094 h2 {font-size:30px; } @media (min-width: 992px) { .ld_fancy_heading_69e772a22f094 h2 {padding-right:14% !important;  }  } .ld_fancy_heading_69e772a22f094 .lqd-highlight-inner{height:0.275em!important;bottom:0px!important;}.ld_fancy_heading_69e772a22f094 h2 {font-size:30px; } @media (min-width: 992px) { .ld_fancy_heading_69e772a22f094 h2 {padding-right:14% !important;  }  } <\/style><div class=\"ld-fancy-heading ld_fancy_heading_69e772a22f094\">\n\t<h2 class=\"ld-fh-element lqd-highlight-underline lqd-highlight-grow-left text-decoration-default\"   >  <\/p>\n<h2 style=\"color: #000;margin-top: -25px;margin-left: 1vw\">Contact us<\/h2>\n<p><\/h2><\/div><style>.ld_cf7_69e772a22f6e2 input,.ld_cf7_69e772a22f6e2 textarea,.ld_cf7_69e772a22f6e2 .ui-button.ui-selectmenu-button{font-size:14px;font-weight:400;}.ld_cf7_69e772a22f6e2 input[type=\"submit\"]{font-size:16px;font-weight:700;background:rgb(255, 205, 40);color:rgb(24, 67, 65);border-color:rgb(255, 205, 40);}.ld_cf7_69e772a22f6e2 input, .ld_cf7_69e772a22f6e2 select, .ld_cf7_69e772a22f6e2 textarea, .ld_cf7_69e772a22f6e2 .ui-button.ui-selectmenu-button{background:rgb(248, 245, 243);}.ld_cf7_69e772a22f6e2 input, .ld_cf7_69e772a22f6e2 select, .ld_cf7_69e772a22f6e2 textarea, .ld_cf7_69e772a22f6e2 .ui-button.ui-selectmenu-button, .ld_cf7_69e772a22f6e2 .wpcf7-form-control-wrap > i, .ld_cf7_69e772a22f6e2 .wpcf7-radio{color:rgb(0, 0, 0);}.ld_cf7_69e772a22f6e2 input[type=\"submit\"]:focus,.ld_cf7_69e772a22f6e2 input[type=\"submit\"]:hover{background:rgb(24, 67, 65);}.ld_cf7_69e772a22f6e2 input[type=\"submit\"]:hover{color:rgb(255, 255, 255);border-color:rgb(24, 67, 65);}.ld_cf7_69e772a22f6e2 .wpcf7-form-control-wrap{margin-bottom:20px;}<\/style><div id=\"ld_cf7_69e772a22f6e2\" class=\"lqd-contact-form lqd-contact-form-inputs-sm lqd-contact-form-inputs-filled lqd-contact-form-button-sm lqd-contact-form-button-block lqd-contact-form-button-round ld_cf7_69e772a22f6e2 vc_custom_1675406857364\">\n\t\n<div class=\"wpcf7 no-js\" id=\"wpcf7-f6-o1\" lang=\"tr-TR\" dir=\"ltr\" data-wpcf7-id=\"6\">\n<div class=\"screen-reader-response\"><p role=\"status\" aria-live=\"polite\" aria-atomic=\"true\"><\/p> <ul><\/ul><\/div>\n<form action=\"\/tr\/wp-json\/wp\/v2\/pages\/770#wpcf7-f6-o1\" method=\"post\" class=\"wpcf7-form init\" aria-label=\"\u0130leti\u015fim Formu\" novalidate=\"novalidate\" data-status=\"init\">\n<div style=\"display: none;\">\n<input type=\"hidden\" name=\"_wpcf7\" value=\"6\" \/>\n<input type=\"hidden\" name=\"_wpcf7_version\" value=\"6.0.6\" \/>\n<input type=\"hidden\" name=\"_wpcf7_locale\" value=\"tr_TR\" \/>\n<input type=\"hidden\" name=\"_wpcf7_unit_tag\" value=\"wpcf7-f6-o1\" \/>\n<input type=\"hidden\" name=\"_wpcf7_container_post\" value=\"0\" \/>\n<input type=\"hidden\" name=\"_wpcf7_posted_data_hash\" value=\"\" \/>\n<\/div>\n<div class=\"row\">\n\t<p class=\"col-md-6\"><br \/>\n<span class=\"wpcf7-form-control-wrap\" data-name=\"text-500\"><input size=\"40\" maxlength=\"400\" class=\"wpcf7-form-control wpcf7-text wpcf7-validates-as-required\" aria-required=\"true\" aria-invalid=\"false\" placeholder=\"Ad\" value=\"\" type=\"text\" name=\"text-500\" \/><\/span>\n\t<\/p>\n\t<p class=\"col-md-6\"><br \/>\n<span class=\"wpcf7-form-control-wrap\" data-name=\"email-48\"><input size=\"40\" maxlength=\"400\" class=\"wpcf7-form-control wpcf7-email wpcf7-validates-as-required wpcf7-text wpcf7-validates-as-email\" aria-required=\"true\" aria-invalid=\"false\" placeholder=\"E-Posta\" value=\"\" type=\"email\" name=\"email-48\" \/><\/span>\n\t<\/p>\n\t<p class=\"col-md-12\"><br \/>\n<span class=\"wpcf7-form-control-wrap tel-779\"><input type=\"hidden\" value=\"false\" class=\"check_validate\" name=\"tel-779_check\" \/><input class=\"wpcf7-form-control wpcf7-tel wpcf7-validates-as-required wpcf7-validates-as-tel\" aria-required=\"true\" aria-invalid=\"false\" placeholder=\"Telefon\" value=\"\" type=\"tel\" name=\"tel-779_hide\" data-name=\"tel-779\"  data-pre=\"\" data-excludeCountries=\"\" data-onlyct=\"\" data-defcountry=\"\" data-auto=\"\" data-validation=\"\" \/><\/span>\n\t<\/p>\n\t<p class=\"col-md-12\"><br \/>\n<span class=\"wpcf7-form-control-wrap\" data-name=\"menu-476\"><select class=\"wpcf7-form-control wpcf7-select wpcf7-validates-as-required\" aria-required=\"true\" aria-invalid=\"false\" name=\"menu-476\"><option value=\"T\u00fcp Bebek\">T\u00fcp Bebek<\/option><option value=\"Genel\">Genel<\/option><option value=\"\u00dcroloji\">\u00dcroloji<\/option><option value=\"Di\u015f Sa\u011fl\u0131\u011f\u0131\">Di\u015f Sa\u011fl\u0131\u011f\u0131<\/option><option value=\"BBL\">BBL<\/option><option value=\"Burun Esteti\u011fi\">Burun Esteti\u011fi<\/option><option value=\"Medikal Estetik\">Medikal Estetik<\/option><option value=\"Sa\u00e7 Ekimi\">Sa\u00e7 Ekimi<\/option><\/select><\/span>\n\t<\/p>\n\t<p class=\"col-md-12\"><br \/>\n<input class=\"wpcf7-form-control wpcf7-submit has-spinner\" type=\"submit\" value=\"G\u00f6nder\" \/>\n\t<\/p>\n<\/div><div class=\"wpcf7-response-output\" aria-hidden=\"true\"><\/div>\n<\/form>\n<\/div>\n<\/div>[\/vc_column][vc_column width=&#8221;3\/4&#8243; bg_position=&#8221;center center&#8221; css=&#8221;.vc_custom_1678104284669{margin-right: -13vw !important;margin-left: 15vw !important;padding-top: 65vh !important;background-image: url(https:\/\/modehealthservices.com\/wp-content\/uploads\/2023\/02\/form-alani-1.jpg?id=738) !important;background-position: center !important;background-repeat: no-repeat !important;background-size: cover !important;}&#8221;][\/vc_column][\/vc_row][vc_row row_hide=&#8221;hidden-md hidden-lg&#8221;][vc_column column_content_align=&#8221;justify-content-end&#8221; width=&#8221;1\/4&#8243; css=&#8221;.vc_custom_1675408727278{background-color: #ffffff !important;border: 1px solid #ededed !important;border-radius: 15px !important;}&#8221;]<style>.ld_fancy_heading_69e772a231267 h2 {font-size:30px; } @media (min-width: 992px) { .ld_fancy_heading_69e772a231267 h2 {padding-right:14% !important;  }  } .ld_fancy_heading_69e772a231267 .lqd-highlight-inner{height:0.275em!important;bottom:0px!important;}.ld_fancy_heading_69e772a231267 h2 {font-size:30px; } @media (min-width: 992px) { .ld_fancy_heading_69e772a231267 h2 {padding-right:14% !important;  }  } <\/style><div class=\"ld-fancy-heading ld_fancy_heading_69e772a231267\">\n\t<h2 class=\"ld-fh-element lqd-highlight-underline lqd-highlight-grow-left text-decoration-default\"   >  <\/p>\n<h2 style=\"color: #000;margin-top: -25px;margin-left: 1vw\">Contact us<\/h2>\n<p><\/h2><\/div><style>.ld_cf7_69e772a231acf input,.ld_cf7_69e772a231acf textarea,.ld_cf7_69e772a231acf .ui-button.ui-selectmenu-button{font-size:14px;font-weight:400;}.ld_cf7_69e772a231acf input[type=\"submit\"]{font-size:16px;font-weight:700;background:rgb(255, 205, 40);color:rgb(24, 67, 65);border-color:rgb(255, 205, 40);}.ld_cf7_69e772a231acf input, .ld_cf7_69e772a231acf select, .ld_cf7_69e772a231acf textarea, .ld_cf7_69e772a231acf .ui-button.ui-selectmenu-button{background:rgb(248, 245, 243);}.ld_cf7_69e772a231acf input, .ld_cf7_69e772a231acf select, .ld_cf7_69e772a231acf textarea, .ld_cf7_69e772a231acf .ui-button.ui-selectmenu-button, .ld_cf7_69e772a231acf .wpcf7-form-control-wrap > i, .ld_cf7_69e772a231acf .wpcf7-radio{color:rgb(0, 0, 0);}.ld_cf7_69e772a231acf input[type=\"submit\"]:focus,.ld_cf7_69e772a231acf input[type=\"submit\"]:hover{background:rgb(24, 67, 65);}.ld_cf7_69e772a231acf input[type=\"submit\"]:hover{color:rgb(255, 255, 255);border-color:rgb(24, 67, 65);}.ld_cf7_69e772a231acf .wpcf7-form-control-wrap{margin-bottom:20px;}<\/style><div id=\"ld_cf7_69e772a231acf\" class=\"lqd-contact-form lqd-contact-form-inputs-sm lqd-contact-form-inputs-filled lqd-contact-form-button-sm lqd-contact-form-button-block lqd-contact-form-button-round ld_cf7_69e772a231acf vc_custom_1675406857364\">\n\t\n<div class=\"wpcf7 no-js\" id=\"wpcf7-f6-o2\" lang=\"tr-TR\" dir=\"ltr\" data-wpcf7-id=\"6\">\n<div class=\"screen-reader-response\"><p role=\"status\" aria-live=\"polite\" aria-atomic=\"true\"><\/p> <ul><\/ul><\/div>\n<form action=\"\/tr\/wp-json\/wp\/v2\/pages\/770#wpcf7-f6-o2\" method=\"post\" class=\"wpcf7-form init\" aria-label=\"\u0130leti\u015fim Formu\" novalidate=\"novalidate\" data-status=\"init\">\n<div style=\"display: none;\">\n<input type=\"hidden\" name=\"_wpcf7\" value=\"6\" \/>\n<input type=\"hidden\" name=\"_wpcf7_version\" value=\"6.0.6\" \/>\n<input type=\"hidden\" name=\"_wpcf7_locale\" value=\"tr_TR\" \/>\n<input type=\"hidden\" name=\"_wpcf7_unit_tag\" value=\"wpcf7-f6-o2\" \/>\n<input type=\"hidden\" name=\"_wpcf7_container_post\" value=\"0\" \/>\n<input type=\"hidden\" name=\"_wpcf7_posted_data_hash\" value=\"\" \/>\n<\/div>\n<div class=\"row\">\n\t<p class=\"col-md-6\"><br \/>\n<span class=\"wpcf7-form-control-wrap\" data-name=\"text-500\"><input size=\"40\" maxlength=\"400\" class=\"wpcf7-form-control wpcf7-text wpcf7-validates-as-required\" aria-required=\"true\" aria-invalid=\"false\" placeholder=\"Ad\" value=\"\" type=\"text\" name=\"text-500\" \/><\/span>\n\t<\/p>\n\t<p class=\"col-md-6\"><br \/>\n<span class=\"wpcf7-form-control-wrap\" data-name=\"email-48\"><input size=\"40\" maxlength=\"400\" class=\"wpcf7-form-control wpcf7-email wpcf7-validates-as-required wpcf7-text wpcf7-validates-as-email\" aria-required=\"true\" aria-invalid=\"false\" placeholder=\"E-Posta\" value=\"\" type=\"email\" name=\"email-48\" \/><\/span>\n\t<\/p>\n\t<p class=\"col-md-12\"><br \/>\n<span class=\"wpcf7-form-control-wrap tel-779\"><input type=\"hidden\" value=\"false\" class=\"check_validate\" name=\"tel-779_check\" \/><input class=\"wpcf7-form-control wpcf7-tel wpcf7-validates-as-required wpcf7-validates-as-tel\" aria-required=\"true\" aria-invalid=\"false\" placeholder=\"Telefon\" value=\"\" type=\"tel\" name=\"tel-779_hide\" data-name=\"tel-779\"  data-pre=\"\" data-excludeCountries=\"\" data-onlyct=\"\" data-defcountry=\"\" data-auto=\"\" data-validation=\"\" \/><\/span>\n\t<\/p>\n\t<p class=\"col-md-12\"><br \/>\n<span class=\"wpcf7-form-control-wrap\" data-name=\"menu-476\"><select class=\"wpcf7-form-control wpcf7-select wpcf7-validates-as-required\" aria-required=\"true\" aria-invalid=\"false\" name=\"menu-476\"><option value=\"T\u00fcp Bebek\">T\u00fcp Bebek<\/option><option value=\"Genel\">Genel<\/option><option value=\"\u00dcroloji\">\u00dcroloji<\/option><option value=\"Di\u015f Sa\u011fl\u0131\u011f\u0131\">Di\u015f Sa\u011fl\u0131\u011f\u0131<\/option><option value=\"BBL\">BBL<\/option><option value=\"Burun Esteti\u011fi\">Burun Esteti\u011fi<\/option><option value=\"Medikal Estetik\">Medikal Estetik<\/option><option value=\"Sa\u00e7 Ekimi\">Sa\u00e7 Ekimi<\/option><\/select><\/span>\n\t<\/p>\n\t<p class=\"col-md-12\"><br \/>\n<input class=\"wpcf7-form-control wpcf7-submit has-spinner\" type=\"submit\" value=\"G\u00f6nder\" \/>\n\t<\/p>\n<\/div><div class=\"wpcf7-response-output\" aria-hidden=\"true\"><\/div>\n<\/form>\n<\/div>\n<\/div>[\/vc_column][\/vc_row]<\/p>\n","protected":false},"excerpt":{"rendered":"<p>[vc_row bg_position=&#8221;center center&#8221; css=&#8221;.vc_custom_1678104267846{background-image: url(https:\/\/modehealthservices.com\/wp-content\/uploads\/2023\/02\/tedavi-ust-bbl-1.jpg?id=842) !important;background-position: center !important;background-repeat: no-repeat !important;background-size: cover !important;}&#8221;][vc_column css=&#8221;.vc_custom_1675342230286{padding-top: 24vh !important;padding-bottom: 24vh !important;}&#8221;][\/vc_column][\/vc_row][vc_row content_placement=&#8221;middle&#8221; css=&#8221;.vc_custom_1605622148793{padding-top: 60px !important;padding-bottom: 80px !important;}&#8221; responsive_css=&#8221;padding_top_medium:120px|padding_bottom_medium:140px&#8221;][vc_column offset=&#8221;vc_col-md-4&#8243; responsive_css=&#8221;padding_right_large:10%25|padding_bottom_medium:0px&#8221; css=&#8221;.vc_custom_1605622117741{padding-bottom: 40px !important;}&#8221;][\/vc_column][vc_column offset=&#8221;vc_col-md-offset-2 vc_col-md-5&#8243;][\/vc_column][\/vc_row][vc_row css=&#8221;.vc_custom_1675415587630{margin-bottom: 10vh !important;}&#8221;][vc_column][vc_column_text] Popo Kald\u0131rma \u00d6ncesi Dan\u0131\u015fmanl\u0131k S\u00fcreci Mode Health Services olarak, BBL ameliyat\u0131n\u0131 d\u00fc\u015f\u00fcnen herkesi beklentileri ve prosed\u00fcr\u00fc isteme nedenleri konusunda tamamen d\u00fcr\u00fcst [&hellip;]<\/p>\n","protected":false},"author":1,"featured_media":0,"parent":0,"menu_order":0,"comment_status":"closed","ping_status":"closed","template":"","meta":{"_joinchat":[],"footnotes":""},"class_list":["post-770","page","type-page","status-publish","hentry"],"_links":{"self":[{"href":"https:\/\/modehealthservices.com\/tr\/wp-json\/wp\/v2\/pages\/770","targetHints":{"allow":["GET"]}}],"collection":[{"href":"https:\/\/modehealthservices.com\/tr\/wp-json\/wp\/v2\/pages"}],"about":[{"href":"https:\/\/modehealthservices.com\/tr\/wp-json\/wp\/v2\/types\/page"}],"author":[{"embeddable":true,"href":"https:\/\/modehealthservices.com\/tr\/wp-json\/wp\/v2\/users\/1"}],"replies":[{"embeddable":true,"href":"https:\/\/modehealthservices.com\/tr\/wp-json\/wp\/v2\/comments?post=770"}],"version-history":[{"count":12,"href":"https:\/\/modehealthservices.com\/tr\/wp-json\/wp\/v2\/pages\/770\/revisions"}],"predecessor-version":[{"id":3003,"href":"https:\/\/modehealthservices.com\/tr\/wp-json\/wp\/v2\/pages\/770\/revisions\/3003"}],"wp:attachment":[{"href":"https:\/\/modehealthservices.com\/tr\/wp-json\/wp\/v2\/media?parent=770"}],"curies":[{"name":"wp","href":"https:\/\/api.w.org\/{rel}","templated":true}]}}