{"id":772,"date":"2023-02-03T09:58:43","date_gmt":"2023-02-03T06:58:43","guid":{"rendered":"http:\/\/moddbeta.xyz\/modehealth\/?page_id=772"},"modified":"2025-04-25T17:08:11","modified_gmt":"2025-04-25T14:08:11","slug":"beyin-pili","status":"publish","type":"page","link":"https:\/\/modehealthservices.com\/tr\/beyin-pili\/","title":{"rendered":"Beyin Pili Ameliyat\u0131"},"content":{"rendered":"<p>[vc_row bg_position=&#8221;center center&#8221; css=&#8221;.vc_custom_1678104307694{background-image: url(https:\/\/modehealthservices.com\/wp-content\/uploads\/2023\/02\/tedavi-ust-penil-prtz-1.jpg?id=844) !important;background-position: center !important;background-repeat: no-repeat !important;background-size: cover !important;}&#8221;][vc_column css=&#8221;.vc_custom_1675342230286{padding-top: 24vh !important;padding-bottom: 24vh !important;}&#8221;][\/vc_column][\/vc_row][vc_row content_placement=&#8221;middle&#8221; css=&#8221;.vc_custom_1605622148793{padding-top: 60px !important;padding-bottom: 80px !important;}&#8221; responsive_css=&#8221;padding_top_medium:120px|padding_bottom_medium:140px&#8221;][vc_column offset=&#8221;vc_col-md-4&#8243; responsive_css=&#8221;padding_right_large:10%25|padding_bottom_medium:0px&#8221; css=&#8221;.vc_custom_1605622117741{padding-bottom: 40px !important;}&#8221;]<style>.ld_fancy_heading_69e772a12f255 .lqd-highlight-inner{height:0.275em!important;bottom:0px!important;}<\/style><div class=\"ld-fancy-heading ld_fancy_heading_69e772a12f255\">\n\t<h2 class=\"ld-fh-element lqd-highlight-underline lqd-highlight-grow-left text-decoration-default\"   >  <\/p>\n<p class=\"p1\"><b>Beyin Pili Ameliyat\u0131 (Derin Beyin Stim\u00fclasyonu)<\/b><\/p>\n<p><\/h2><\/div><style>.ld_fancy_heading_69e772a12f576 p {margin-bottom:1.5em !important;  } .ld_fancy_heading_69e772a12f576 .lqd-highlight-inner{height:0.275em!important;bottom:0px!important;}.ld_fancy_heading_69e772a12f576 p {margin-bottom:1.5em !important;  } <\/style><div class=\"ld-fancy-heading ld_fancy_heading_69e772a12f576\">\n\t<p class=\"ld-fh-element lqd-highlight-underline lqd-highlight-grow-left text-decoration-default\"   >  <\/p>\n<p class=\"p1\"><b>T\u00fcrkiye\u2019de Uzman Kadro ile Beyin Pili Tedavisi<\/b><\/p>\n<p class=\"p3\"><b>Beyin pili ameliyat\u0131<\/b>, \u00f6zellikle <b>Parkinson hastal\u0131\u011f\u0131<\/b>, <b>esansiyel tremor<\/b> ve baz\u0131 <b>distoni<\/b> t\u00fcrlerinin tedavisinde uygulanan, ileri teknoloji gerektiren bir n\u00f6ro\u015fir\u00fcrji y\u00f6ntemidir. <b>T\u00fcrkiye<\/b>, hem deneyimli beyin cerrahlar\u0131 hem de modern hastane altyap\u0131s\u0131 ile bu alanda \u00f6ne \u00e7\u0131kan \u00fclkelerden biridir.<\/p>\n<p><\/p><\/div>[\/vc_column][vc_column offset=&#8221;vc_col-md-offset-2 vc_col-md-5&#8243;]<div id=\"ld_images_group_container_69e772a12f7f2\" class=\"lqd-imggrp-container ld_images_group_container_69e772a12f7f2\"   >\n\t<div class=\"lqd-imggrp-inner\">\n\t\t<p><style>.ld_images_group_element_69e772a1301cd{position:absolute;}.ld_images_group_element_69e772a1301cd {bottom:-10% !important; left:45% !important;  } .ld_images_group_element_69e772a1301cd {bottom:-10% !important; left:45% !important;  } <\/style><div id=\"ld_images_group_element_69e772a1301cd\" class=\"lqd-imggrp-single ld_images_group_element_69e772a1301cd\" data-shadow-style=\"3\" data-roundness=\"2\" data-inview=\"true\" data-inview-options='{\"delayTime\":500}' data-animate-shadow=\"true\" data-hover3d=\"true\"  >\n\t\n\t<div class=\"lqd-imggrp-img-container\" data-stacking-factor=\"1\"   >\n\t\t\n\t\t\t\t\n\t\t\t\t<figure ><img decoding=\"async\" width=\"350\" height=\"350\" src=\"https:\/\/modehealthservices.com\/wp-content\/uploads\/2023\/02\/700X700-hizmetler-BACRO-2.png\" srcset=\"https:\/\/modehealthservices.com\/wp-content\/uploads\/2023\/02\/700X700-hizmetler-BACRO-2-300x300.png 300w, https:\/\/modehealthservices.com\/wp-content\/uploads\/2023\/02\/700X700-hizmetler-BACRO-2-150x150.png 150w, https:\/\/modehealthservices.com\/wp-content\/uploads\/2023\/02\/700X700-hizmetler-BACRO-2.png 700w\" class=\"\" alt=\"\" itemprop=\"image\" \/><\/figure>\t\t\t\t\t\t\t\t\n\t<\/div><!-- \/.lqd-imggrp-content -->\n<\/div><!-- \/.lqd-imggrp-single --><div id=\"ld_images_group_element_69e772a1338d0\" class=\"lqd-imggrp-single ld_images_group_element_69e772a1338d0\" data-shadow-style=\"3\" data-roundness=\"2\" data-inview=\"true\" data-animate-shadow=\"true\" data-hover3d=\"true\"  >\n\t\n\t<div class=\"lqd-imggrp-img-container\" data-stacking-factor=\"1\"   >\n\t\t\n\t\t\t\t\n\t\t\t\t<figure ><img decoding=\"async\" width=\"512\" height=\"512\" src=\"data:image\/svg+xml;charset=utf-8,%3Csvg xmlns%3D&#039;http%3A%2F%2Fwww.w3.org%2F2000%2Fsvg&#039; viewBox%3D&#039;0 0 1024 1024&#039;%2F%3E\" class=\" ld-lazyload\" alt=\"\" itemprop=\"image\" data-src=\"https:\/\/modehealthservices.com\/wp-content\/uploads\/2025\/04\/brain.png\" data-srcset=\"https:\/\/modehealthservices.com\/wp-content\/uploads\/2025\/04\/brain-300x300.png 300w, https:\/\/modehealthservices.com\/wp-content\/uploads\/2025\/04\/brain-150x150.png 150w, https:\/\/modehealthservices.com\/wp-content\/uploads\/2025\/04\/brain.png 1024w\" data-aspect=\"1\" \/><\/figure>\t\t\t\t\t\t\t\t\n\t<\/div><!-- \/.lqd-imggrp-content -->\n<\/div><!-- \/.lqd-imggrp-single --><div id=\"ld_images_group_element_69e772a178999\" class=\"lqd-imggrp-single ld_images_group_element_69e772a178999\"   >\n\t\n\t<div class=\"lqd-imggrp-img-container\"    >\n\t\t\n\t\t\t\t\n\t\t\t\t\t\t\t\t\t\t\t\t\n\t<\/div><!-- \/.lqd-imggrp-content -->\n<\/div><!-- \/.lqd-imggrp-single --><\/p>\n\t\n\t<\/div><!-- \/.lqd-imggrp-inner -->\n<\/div><!-- \/.lqd-imggrp-container -->[\/vc_column][\/vc_row][vc_row css=&#8221;.vc_custom_1675415939394{margin-bottom: 10vh !important;}&#8221;][vc_column][vc_column_text]<\/p>\n<p class=\"p1\"><b>Beyin Pili Ameliyat\u0131 Nedir?<\/b><\/p>\n<p class=\"p3\">Beyin pili tedavisi (Deep Brain Stimulation &#8211; DBS), beynin belirli b\u00f6lgelerine yerle\u015ftirilen elektrotlar arac\u0131l\u0131\u011f\u0131yla elektriksel uyar\u0131lar g\u00f6nderilmesini sa\u011flar. Bu sayede istemsiz hareketler ve titremeler kontrol alt\u0131na al\u0131n\u0131r. Ameliyat, genellikle lokal anestezi alt\u0131nda ger\u00e7ekle\u015ftirilir ve hastan\u0131n ya\u015fam kalitesini \u00f6nemli \u00f6l\u00e7\u00fcde art\u0131r\u0131r.<\/p>\n<p class=\"p1\"><b>Kimler \u0130\u00e7in Uygundur?<\/b><\/p>\n<ul class=\"ul1\">\n<li class=\"li3\">Parkinson hastal\u0131\u011f\u0131 ileri evreye ula\u015fm\u0131\u015f bireyler<\/li>\n<li class=\"li3\">\u0130la\u00e7 tedavisine yan\u0131t vermeyen esansiyel tremor hastalar\u0131<\/li>\n<li class=\"li3\">Baz\u0131 distoni t\u00fcrleri<\/li>\n<li class=\"li3\">Obsesif kompulsif bozukluk (OKB) gibi baz\u0131 psikiyatrik rahats\u0131zl\u0131klar (nadir vakalarda)<\/li>\n<\/ul>\n<p class=\"p1\"><b>T\u00fcrkiye\u2019de Beyin Pili Ameliyat\u0131 Avantajlar\u0131<\/b><\/p>\n<ul class=\"ul1\">\n<li class=\"li3\">Uluslararas\u0131 standartlarda donan\u0131ml\u0131 hastaneler<\/li>\n<li class=\"li3\">Tecr\u00fcbeli n\u00f6ro\u015fir\u00fcrji uzmanlar\u0131<\/li>\n<li class=\"li3\">Uygun maliyetli tedavi paketleri<\/li>\n<li class=\"li3\">Konaklama, ula\u015f\u0131m ve ki\u015fisel dan\u0131\u015fmanl\u0131k gibi VIP sa\u011fl\u0131k turizmi hizmetleri<\/li>\n<li class=\"li3\">\u00c7ok dilli sa\u011fl\u0131k personeli ve terc\u00fcman deste\u011fi<\/li>\n<\/ul>\n<p class=\"p1\"><b>Mode ile G\u00fcvenli ve Konforlu Bir S\u00fcre\u00e7<\/b><\/p>\n<p class=\"p3\"><b>Mode Sa\u011fl\u0131k Turizmi<\/b>, T\u00fcrkiye\u2019de beyin pili ameliyat\u0131 olmak isteyen hastalara t\u00fcm s\u00fcre\u00e7 boyunca rehberlik eder.<\/p>\n<ul class=\"ul1\">\n<li class=\"li3\">Online doktor g\u00f6r\u00fc\u015fmesi<\/li>\n<li class=\"li3\">Tetkik ve raporlar\u0131n uzaktan de\u011ferlendirilmesi<\/li>\n<li class=\"li3\">Ki\u015fiye \u00f6zel tedavi plan\u0131 olu\u015fturulmas\u0131<\/li>\n<li class=\"li3\">U\u00e7u\u015f ve transfer organizasyonu<\/li>\n<li class=\"li3\">L\u00fcks otellerde konaklama<\/li>\n<li class=\"li3\">Tedavi sonras\u0131 takip ve destek<\/li>\n<\/ul>\n<p>[\/vc_column_text][\/vc_column][\/vc_row][vc_row row_hide=&#8221;hidden-xs hidden-sm&#8221;][vc_column column_content_align=&#8221;justify-content-end&#8221; width=&#8221;1\/4&#8243; css=&#8221;.vc_custom_1675408790537{background-color: #ffffff !important;border: 1px solid #ededed !important;border-radius: 15px !important;}&#8221; el_id=&#8221;formindex&#8221;]<style>.ld_fancy_heading_69e772a178c0e h2 {font-size:30px; } @media (min-width: 992px) { .ld_fancy_heading_69e772a178c0e h2 {padding-right:14% !important;  }  } .ld_fancy_heading_69e772a178c0e .lqd-highlight-inner{height:0.275em!important;bottom:0px!important;}.ld_fancy_heading_69e772a178c0e h2 {font-size:30px; } @media (min-width: 992px) { .ld_fancy_heading_69e772a178c0e h2 {padding-right:14% !important;  }  } <\/style><div class=\"ld-fancy-heading ld_fancy_heading_69e772a178c0e\">\n\t<h2 class=\"ld-fh-element lqd-highlight-underline lqd-highlight-grow-left text-decoration-default\"   >  <\/p>\n<h2 style=\"color: #000;margin-top: -25px;margin-left: 1vw\">\u0130leti\u015fime Ge\u00e7in<\/h2>\n<p><\/h2><\/div><style>.ld_cf7_69e772a17971b input,.ld_cf7_69e772a17971b textarea,.ld_cf7_69e772a17971b .ui-button.ui-selectmenu-button{font-size:14px;font-weight:400;}.ld_cf7_69e772a17971b input[type=\"submit\"]{font-size:16px;font-weight:700;background:rgb(255, 205, 40);color:rgb(24, 67, 65);border-color:rgb(255, 205, 40);}.ld_cf7_69e772a17971b input, .ld_cf7_69e772a17971b select, .ld_cf7_69e772a17971b textarea, .ld_cf7_69e772a17971b .ui-button.ui-selectmenu-button{background:rgb(248, 245, 243);}.ld_cf7_69e772a17971b input, .ld_cf7_69e772a17971b select, .ld_cf7_69e772a17971b textarea, .ld_cf7_69e772a17971b .ui-button.ui-selectmenu-button, .ld_cf7_69e772a17971b .wpcf7-form-control-wrap > i, .ld_cf7_69e772a17971b .wpcf7-radio{color:rgb(0, 0, 0);}.ld_cf7_69e772a17971b input[type=\"submit\"]:focus,.ld_cf7_69e772a17971b input[type=\"submit\"]:hover{background:rgb(24, 67, 65);}.ld_cf7_69e772a17971b input[type=\"submit\"]:hover{color:rgb(255, 255, 255);border-color:rgb(24, 67, 65);}.ld_cf7_69e772a17971b .wpcf7-form-control-wrap{margin-bottom:20px;}<\/style><div id=\"ld_cf7_69e772a17971b\" class=\"lqd-contact-form lqd-contact-form-inputs-sm lqd-contact-form-inputs-filled lqd-contact-form-button-sm lqd-contact-form-button-block lqd-contact-form-button-round ld_cf7_69e772a17971b vc_custom_1675406857364\">\n\t\n<div class=\"wpcf7 no-js\" id=\"wpcf7-f6-o1\" lang=\"tr-TR\" dir=\"ltr\" data-wpcf7-id=\"6\">\n<div class=\"screen-reader-response\"><p role=\"status\" aria-live=\"polite\" aria-atomic=\"true\"><\/p> <ul><\/ul><\/div>\n<form action=\"\/tr\/wp-json\/wp\/v2\/pages\/772#wpcf7-f6-o1\" method=\"post\" class=\"wpcf7-form init\" aria-label=\"\u0130leti\u015fim Formu\" novalidate=\"novalidate\" data-status=\"init\">\n<div style=\"display: none;\">\n<input type=\"hidden\" name=\"_wpcf7\" value=\"6\" \/>\n<input type=\"hidden\" name=\"_wpcf7_version\" value=\"6.0.6\" \/>\n<input type=\"hidden\" name=\"_wpcf7_locale\" value=\"tr_TR\" \/>\n<input type=\"hidden\" name=\"_wpcf7_unit_tag\" value=\"wpcf7-f6-o1\" \/>\n<input type=\"hidden\" name=\"_wpcf7_container_post\" value=\"0\" \/>\n<input type=\"hidden\" name=\"_wpcf7_posted_data_hash\" value=\"\" \/>\n<\/div>\n<div class=\"row\">\n\t<p class=\"col-md-6\"><br \/>\n<span class=\"wpcf7-form-control-wrap\" data-name=\"text-500\"><input size=\"40\" maxlength=\"400\" class=\"wpcf7-form-control wpcf7-text wpcf7-validates-as-required\" aria-required=\"true\" aria-invalid=\"false\" placeholder=\"Ad\" value=\"\" type=\"text\" name=\"text-500\" \/><\/span>\n\t<\/p>\n\t<p class=\"col-md-6\"><br \/>\n<span class=\"wpcf7-form-control-wrap\" data-name=\"email-48\"><input size=\"40\" maxlength=\"400\" class=\"wpcf7-form-control wpcf7-email wpcf7-validates-as-required wpcf7-text wpcf7-validates-as-email\" aria-required=\"true\" aria-invalid=\"false\" placeholder=\"E-Posta\" value=\"\" type=\"email\" name=\"email-48\" \/><\/span>\n\t<\/p>\n\t<p class=\"col-md-12\"><br \/>\n<span class=\"wpcf7-form-control-wrap tel-779\"><input type=\"hidden\" value=\"false\" class=\"check_validate\" name=\"tel-779_check\" \/><input class=\"wpcf7-form-control wpcf7-tel wpcf7-validates-as-required wpcf7-validates-as-tel\" aria-required=\"true\" aria-invalid=\"false\" placeholder=\"Telefon\" value=\"\" type=\"tel\" name=\"tel-779_hide\" data-name=\"tel-779\"  data-pre=\"\" data-excludeCountries=\"\" data-onlyct=\"\" data-defcountry=\"\" data-auto=\"\" data-validation=\"\" \/><\/span>\n\t<\/p>\n\t<p class=\"col-md-12\"><br \/>\n<span class=\"wpcf7-form-control-wrap\" data-name=\"menu-476\"><select class=\"wpcf7-form-control wpcf7-select wpcf7-validates-as-required\" aria-required=\"true\" aria-invalid=\"false\" name=\"menu-476\"><option value=\"T\u00fcp Bebek\">T\u00fcp Bebek<\/option><option value=\"Genel\">Genel<\/option><option value=\"\u00dcroloji\">\u00dcroloji<\/option><option value=\"Di\u015f Sa\u011fl\u0131\u011f\u0131\">Di\u015f Sa\u011fl\u0131\u011f\u0131<\/option><option value=\"BBL\">BBL<\/option><option value=\"Burun Esteti\u011fi\">Burun Esteti\u011fi<\/option><option value=\"Medikal Estetik\">Medikal Estetik<\/option><option value=\"Sa\u00e7 Ekimi\">Sa\u00e7 Ekimi<\/option><\/select><\/span>\n\t<\/p>\n\t<p class=\"col-md-12\"><br \/>\n<input class=\"wpcf7-form-control wpcf7-submit has-spinner\" type=\"submit\" value=\"G\u00f6nder\" \/>\n\t<\/p>\n<\/div><div class=\"wpcf7-response-output\" aria-hidden=\"true\"><\/div>\n<\/form>\n<\/div>\n<\/div>[\/vc_column][vc_column width=&#8221;3\/4&#8243; bg_position=&#8221;center center&#8221; css=&#8221;.vc_custom_1678104317763{margin-right: -13vw !important;margin-left: 15vw !important;padding-top: 65vh !important;background-image: url(https:\/\/modehealthservices.com\/wp-content\/uploads\/2023\/02\/form-alani-1.jpg?id=738) !important;background-position: center !important;background-repeat: no-repeat !important;background-size: cover !important;}&#8221;][\/vc_column][\/vc_row][vc_row row_hide=&#8221;hidden-md hidden-lg&#8221;][vc_column column_content_align=&#8221;justify-content-end&#8221; width=&#8221;1\/4&#8243; css=&#8221;.vc_custom_1675408790537{background-color: #ffffff !important;border: 1px solid #ededed !important;border-radius: 15px !important;}&#8221;]<style>.ld_fancy_heading_69e772a17a961 h2 {font-size:30px; } @media (min-width: 992px) { .ld_fancy_heading_69e772a17a961 h2 {padding-right:14% !important;  }  } .ld_fancy_heading_69e772a17a961 .lqd-highlight-inner{height:0.275em!important;bottom:0px!important;}.ld_fancy_heading_69e772a17a961 h2 {font-size:30px; } @media (min-width: 992px) { .ld_fancy_heading_69e772a17a961 h2 {padding-right:14% !important;  }  } <\/style><div class=\"ld-fancy-heading ld_fancy_heading_69e772a17a961\">\n\t<h2 class=\"ld-fh-element lqd-highlight-underline lqd-highlight-grow-left text-decoration-default\"   >  <\/p>\n<h2 style=\"color: #000;margin-top: -25px;margin-left: 1vw\">Bize Ula\u015f\u0131n<\/h2>\n<p><\/h2><\/div><style>.ld_cf7_69e772a17b085 input,.ld_cf7_69e772a17b085 textarea,.ld_cf7_69e772a17b085 .ui-button.ui-selectmenu-button{font-size:14px;font-weight:400;}.ld_cf7_69e772a17b085 input[type=\"submit\"]{font-size:16px;font-weight:700;background:rgb(255, 205, 40);color:rgb(24, 67, 65);border-color:rgb(255, 205, 40);}.ld_cf7_69e772a17b085 input, .ld_cf7_69e772a17b085 select, .ld_cf7_69e772a17b085 textarea, .ld_cf7_69e772a17b085 .ui-button.ui-selectmenu-button{background:rgb(248, 245, 243);}.ld_cf7_69e772a17b085 input, .ld_cf7_69e772a17b085 select, .ld_cf7_69e772a17b085 textarea, .ld_cf7_69e772a17b085 .ui-button.ui-selectmenu-button, .ld_cf7_69e772a17b085 .wpcf7-form-control-wrap > i, .ld_cf7_69e772a17b085 .wpcf7-radio{color:rgb(0, 0, 0);}.ld_cf7_69e772a17b085 input[type=\"submit\"]:focus,.ld_cf7_69e772a17b085 input[type=\"submit\"]:hover{background:rgb(24, 67, 65);}.ld_cf7_69e772a17b085 input[type=\"submit\"]:hover{color:rgb(255, 255, 255);border-color:rgb(24, 67, 65);}.ld_cf7_69e772a17b085 .wpcf7-form-control-wrap{margin-bottom:20px;}<\/style><div id=\"ld_cf7_69e772a17b085\" class=\"lqd-contact-form lqd-contact-form-inputs-sm lqd-contact-form-inputs-filled lqd-contact-form-button-sm lqd-contact-form-button-block lqd-contact-form-button-round ld_cf7_69e772a17b085 vc_custom_1675406857364\">\n\t\n<div class=\"wpcf7 no-js\" id=\"wpcf7-f6-o2\" lang=\"tr-TR\" dir=\"ltr\" data-wpcf7-id=\"6\">\n<div class=\"screen-reader-response\"><p role=\"status\" aria-live=\"polite\" aria-atomic=\"true\"><\/p> <ul><\/ul><\/div>\n<form action=\"\/tr\/wp-json\/wp\/v2\/pages\/772#wpcf7-f6-o2\" method=\"post\" class=\"wpcf7-form init\" aria-label=\"\u0130leti\u015fim Formu\" novalidate=\"novalidate\" data-status=\"init\">\n<div style=\"display: none;\">\n<input type=\"hidden\" name=\"_wpcf7\" value=\"6\" \/>\n<input type=\"hidden\" name=\"_wpcf7_version\" value=\"6.0.6\" \/>\n<input type=\"hidden\" name=\"_wpcf7_locale\" value=\"tr_TR\" \/>\n<input type=\"hidden\" name=\"_wpcf7_unit_tag\" value=\"wpcf7-f6-o2\" \/>\n<input type=\"hidden\" name=\"_wpcf7_container_post\" value=\"0\" \/>\n<input type=\"hidden\" name=\"_wpcf7_posted_data_hash\" value=\"\" \/>\n<\/div>\n<div class=\"row\">\n\t<p class=\"col-md-6\"><br \/>\n<span class=\"wpcf7-form-control-wrap\" data-name=\"text-500\"><input size=\"40\" maxlength=\"400\" class=\"wpcf7-form-control wpcf7-text wpcf7-validates-as-required\" aria-required=\"true\" aria-invalid=\"false\" placeholder=\"Ad\" value=\"\" type=\"text\" name=\"text-500\" \/><\/span>\n\t<\/p>\n\t<p class=\"col-md-6\"><br \/>\n<span class=\"wpcf7-form-control-wrap\" data-name=\"email-48\"><input size=\"40\" maxlength=\"400\" class=\"wpcf7-form-control wpcf7-email wpcf7-validates-as-required wpcf7-text wpcf7-validates-as-email\" aria-required=\"true\" aria-invalid=\"false\" placeholder=\"E-Posta\" value=\"\" type=\"email\" name=\"email-48\" \/><\/span>\n\t<\/p>\n\t<p class=\"col-md-12\"><br \/>\n<span class=\"wpcf7-form-control-wrap tel-779\"><input type=\"hidden\" value=\"false\" class=\"check_validate\" name=\"tel-779_check\" \/><input class=\"wpcf7-form-control wpcf7-tel wpcf7-validates-as-required wpcf7-validates-as-tel\" aria-required=\"true\" aria-invalid=\"false\" placeholder=\"Telefon\" value=\"\" type=\"tel\" name=\"tel-779_hide\" data-name=\"tel-779\"  data-pre=\"\" data-excludeCountries=\"\" data-onlyct=\"\" data-defcountry=\"\" data-auto=\"\" data-validation=\"\" \/><\/span>\n\t<\/p>\n\t<p class=\"col-md-12\"><br \/>\n<span class=\"wpcf7-form-control-wrap\" data-name=\"menu-476\"><select class=\"wpcf7-form-control wpcf7-select wpcf7-validates-as-required\" aria-required=\"true\" aria-invalid=\"false\" name=\"menu-476\"><option value=\"T\u00fcp Bebek\">T\u00fcp Bebek<\/option><option value=\"Genel\">Genel<\/option><option value=\"\u00dcroloji\">\u00dcroloji<\/option><option value=\"Di\u015f Sa\u011fl\u0131\u011f\u0131\">Di\u015f Sa\u011fl\u0131\u011f\u0131<\/option><option value=\"BBL\">BBL<\/option><option value=\"Burun Esteti\u011fi\">Burun Esteti\u011fi<\/option><option value=\"Medikal Estetik\">Medikal Estetik<\/option><option value=\"Sa\u00e7 Ekimi\">Sa\u00e7 Ekimi<\/option><\/select><\/span>\n\t<\/p>\n\t<p class=\"col-md-12\"><br \/>\n<input class=\"wpcf7-form-control wpcf7-submit has-spinner\" type=\"submit\" value=\"G\u00f6nder\" \/>\n\t<\/p>\n<\/div><div class=\"wpcf7-response-output\" aria-hidden=\"true\"><\/div>\n<\/form>\n<\/div>\n<\/div>[\/vc_column][\/vc_row]<\/p>\n","protected":false},"excerpt":{"rendered":"<p>[vc_row bg_position=&#8221;center center&#8221; css=&#8221;.vc_custom_1678104307694{background-image: url(https:\/\/modehealthservices.com\/wp-content\/uploads\/2023\/02\/tedavi-ust-penil-prtz-1.jpg?id=844) !important;background-position: center !important;background-repeat: no-repeat !important;background-size: cover !important;}&#8221;][vc_column css=&#8221;.vc_custom_1675342230286{padding-top: 24vh !important;padding-bottom: 24vh !important;}&#8221;][\/vc_column][\/vc_row][vc_row content_placement=&#8221;middle&#8221; css=&#8221;.vc_custom_1605622148793{padding-top: 60px !important;padding-bottom: 80px !important;}&#8221; responsive_css=&#8221;padding_top_medium:120px|padding_bottom_medium:140px&#8221;][vc_column offset=&#8221;vc_col-md-4&#8243; responsive_css=&#8221;padding_right_large:10%25|padding_bottom_medium:0px&#8221; css=&#8221;.vc_custom_1605622117741{padding-bottom: 40px !important;}&#8221;][\/vc_column][vc_column offset=&#8221;vc_col-md-offset-2 vc_col-md-5&#8243;][\/vc_column][\/vc_row][vc_row css=&#8221;.vc_custom_1675415939394{margin-bottom: 10vh !important;}&#8221;][vc_column][vc_column_text] Beyin Pili Ameliyat\u0131 Nedir? Beyin pili tedavisi (Deep Brain Stimulation &#8211; DBS), beynin belirli b\u00f6lgelerine yerle\u015ftirilen elektrotlar arac\u0131l\u0131\u011f\u0131yla elektriksel uyar\u0131lar g\u00f6nderilmesini [&hellip;]<\/p>\n","protected":false},"author":1,"featured_media":0,"parent":0,"menu_order":0,"comment_status":"closed","ping_status":"closed","template":"","meta":{"_joinchat":[],"footnotes":""},"class_list":["post-772","page","type-page","status-publish","hentry"],"_links":{"self":[{"href":"https:\/\/modehealthservices.com\/tr\/wp-json\/wp\/v2\/pages\/772","targetHints":{"allow":["GET"]}}],"collection":[{"href":"https:\/\/modehealthservices.com\/tr\/wp-json\/wp\/v2\/pages"}],"about":[{"href":"https:\/\/modehealthservices.com\/tr\/wp-json\/wp\/v2\/types\/page"}],"author":[{"embeddable":true,"href":"https:\/\/modehealthservices.com\/tr\/wp-json\/wp\/v2\/users\/1"}],"replies":[{"embeddable":true,"href":"https:\/\/modehealthservices.com\/tr\/wp-json\/wp\/v2\/comments?post=772"}],"version-history":[{"count":14,"href":"https:\/\/modehealthservices.com\/tr\/wp-json\/wp\/v2\/pages\/772\/revisions"}],"predecessor-version":[{"id":2833,"href":"https:\/\/modehealthservices.com\/tr\/wp-json\/wp\/v2\/pages\/772\/revisions\/2833"}],"wp:attachment":[{"href":"https:\/\/modehealthservices.com\/tr\/wp-json\/wp\/v2\/media?parent=772"}],"curies":[{"name":"wp","href":"https:\/\/api.w.org\/{rel}","templated":true}]}}