{"id":776,"date":"2023-02-03T10:01:54","date_gmt":"2023-02-03T07:01:54","guid":{"rendered":"http:\/\/moddbeta.xyz\/modehealth\/?page_id=776"},"modified":"2025-04-25T17:09:23","modified_gmt":"2025-04-25T14:09:23","slug":"sac-tedavisi","status":"publish","type":"page","link":"https:\/\/modehealthservices.com\/tr\/sac-tedavisi\/","title":{"rendered":"Sa\u00e7 Tedavisi"},"content":{"rendered":"<p>[vc_row bg_position=&#8221;center center&#8221; css=&#8221;.vc_custom_1678104385135{background-image: url(https:\/\/modehealthservices.com\/wp-content\/uploads\/2023\/02\/tedavi-ust-sac-1.jpg?id=846) !important;background-position: center !important;background-repeat: no-repeat !important;background-size: cover !important;}&#8221;][vc_column css=&#8221;.vc_custom_1675342230286{padding-top: 24vh !important;padding-bottom: 24vh !important;}&#8221;][\/vc_column][\/vc_row][vc_row content_placement=&#8221;middle&#8221; css=&#8221;.vc_custom_1605622148793{padding-top: 60px !important;padding-bottom: 80px !important;}&#8221; responsive_css=&#8221;padding_top_medium:120px|padding_bottom_medium:140px&#8221;][vc_column offset=&#8221;vc_col-md-4&#8243; responsive_css=&#8221;padding_right_large:10%25|padding_bottom_medium:0px&#8221; css=&#8221;.vc_custom_1605622117741{padding-bottom: 40px !important;}&#8221;]<style>.ld_fancy_heading_69e772bfdd982 .lqd-highlight-inner{height:0.275em!important;bottom:0px!important;}<\/style><div class=\"ld-fancy-heading ld_fancy_heading_69e772bfdd982\">\n\t<h2 class=\"ld-fh-element lqd-highlight-underline lqd-highlight-grow-left text-decoration-default\"   >  Sa\u00e7 Ekimi Klasik Y\u00f6ntem<\/h2><\/div><style>.ld_fancy_heading_69e772bfddc24 p {margin-bottom:1.5em !important;  } .ld_fancy_heading_69e772bfddc24 .lqd-highlight-inner{height:0.275em!important;bottom:0px!important;}.ld_fancy_heading_69e772bfddc24 p {margin-bottom:1.5em !important;  } <\/style><div class=\"ld-fancy-heading ld_fancy_heading_69e772bfddc24\">\n\t<p class=\"ld-fh-element lqd-highlight-underline lqd-highlight-grow-left text-decoration-default\"   >  FUE sa\u00e7 ekimi s\u0131ras\u0131nda sa\u00e7 analizi mutlaka yap\u0131lmal\u0131d\u0131r. Sa\u00e7 analizi, sa\u00e7 k\u00f6klerinin al\u0131naca\u011f\u0131 don\u00f6r b\u00f6lgeden yani iki kula\u011f\u0131n yanlar\u0131ndan, ensedeki sa\u00e7 b\u00f6lgesinin tamam\u0131ndan yap\u0131l\u0131r. Don\u00f6r b\u00f6lgedeki sa\u00e7lar\u0131n d\u00fczeyi ve kalitesi FUE sa\u00e7 ekimi sonu\u00e7lar\u0131n\u0131 do\u011frudan etkiler. Don\u00f6r b\u00f6lgesinde ekim alan\u0131nda yeterli sa\u00e7a sahip olan ki\u015filer sa\u00e7 ekiminden daha memnun kal\u0131rlar ve sa\u00e7 analizi yap\u0131ld\u0131\u011f\u0131nda sonu\u00e7lar ortaya \u00e7\u0131kar.<\/p><\/div>[\/vc_column][vc_column offset=&#8221;vc_col-md-offset-2 vc_col-md-5&#8243;]<div id=\"ld_images_group_container_69e772bfdddc3\" class=\"lqd-imggrp-container ld_images_group_container_69e772bfdddc3\"   >\n\t<div class=\"lqd-imggrp-inner\">\n\t\t<p><style>.ld_images_group_element_69e772bfddfa6{position:absolute;}.ld_images_group_element_69e772bfddfa6 {bottom:-10% !important; left:45% !important;  } .ld_images_group_element_69e772bfddfa6 {bottom:-10% !important; left:45% !important;  } <\/style><div id=\"ld_images_group_element_69e772bfddfa6\" class=\"lqd-imggrp-single ld_images_group_element_69e772bfddfa6\" data-shadow-style=\"3\" data-roundness=\"2\" data-inview=\"true\" data-inview-options='{\"delayTime\":500}' data-animate-shadow=\"true\" data-hover3d=\"true\"  >\n\t\n\t<div class=\"lqd-imggrp-img-container\" data-stacking-factor=\"1\"   >\n\t\t\n\t\t\t\t\n\t\t\t\t<figure ><img decoding=\"async\" width=\"350\" height=\"350\" src=\"https:\/\/modehealthservices.com\/wp-content\/uploads\/2023\/02\/700X700-hizmetler-BACRO-2.png\" srcset=\"https:\/\/modehealthservices.com\/wp-content\/uploads\/2023\/02\/700X700-hizmetler-BACRO-2-300x300.png 300w, https:\/\/modehealthservices.com\/wp-content\/uploads\/2023\/02\/700X700-hizmetler-BACRO-2-150x150.png 150w, https:\/\/modehealthservices.com\/wp-content\/uploads\/2023\/02\/700X700-hizmetler-BACRO-2.png 700w\" class=\"\" alt=\"\" itemprop=\"image\" \/><\/figure>\t\t\t\t\t\t\t\t\n\t<\/div><!-- \/.lqd-imggrp-content -->\n<\/div><!-- \/.lqd-imggrp-single --><div id=\"ld_images_group_element_69e772bfe1107\" class=\"lqd-imggrp-single ld_images_group_element_69e772bfe1107\" data-shadow-style=\"3\" data-roundness=\"2\" data-inview=\"true\" data-animate-shadow=\"true\" data-hover3d=\"true\"  >\n\t\n\t<div class=\"lqd-imggrp-img-container\" data-stacking-factor=\"1\"   >\n\t\t\n\t\t\t\t\n\t\t\t\t<figure ><img decoding=\"async\" width=\"350\" height=\"350\" src=\"data:image\/svg+xml;charset=utf-8,%3Csvg xmlns%3D&#039;http%3A%2F%2Fwww.w3.org%2F2000%2Fsvg&#039; viewBox%3D&#039;0 0 700 700&#039;%2F%3E\" class=\" ld-lazyload\" alt=\"\" itemprop=\"image\" data-src=\"https:\/\/modehealthservices.com\/wp-content\/uploads\/2023\/02\/700X700-hizmetler-sac-1.jpg\" data-srcset=\"https:\/\/modehealthservices.com\/wp-content\/uploads\/2023\/02\/700X700-hizmetler-sac-1-300x300.jpg 300w, https:\/\/modehealthservices.com\/wp-content\/uploads\/2023\/02\/700X700-hizmetler-sac-1-150x150.jpg 150w, https:\/\/modehealthservices.com\/wp-content\/uploads\/2023\/02\/700X700-hizmetler-sac-1.jpg 700w\" data-aspect=\"1\" \/><\/figure>\t\t\t\t\t\t\t\t\n\t<\/div><!-- \/.lqd-imggrp-content -->\n<\/div><!-- \/.lqd-imggrp-single --><\/p>\n\t\n\t<\/div><!-- \/.lqd-imggrp-inner -->\n<\/div><!-- \/.lqd-imggrp-container -->[\/vc_column][\/vc_row][vc_row css=&#8221;.vc_custom_1675417146179{margin-bottom: 10vh !important;}&#8221;][vc_column][vc_column_text]<strong>Geleneksel Sa\u00e7 Ekimi<\/strong><\/p>\n<p>Geleneksel sa\u00e7 ekiminde \u00f6ng\u00f6r\u00fclebilir bir plan yapmak kolayd\u0131r. Sa\u00e7 ekimi yapt\u0131rmay\u0131 d\u00fc\u015f\u00fcnen ki\u015filer don\u00f6r alan = ekim alan\u0131 olarak k\u0131yaslan\u0131r ki bu 1-2 kez sa\u00e7 ekimi yapt\u0131ran herkesin anlayabilece\u011fi bir durumdur. Bu nedenle sa\u00e7 ekimi yapt\u0131rmay\u0131 d\u00fc\u015f\u00fcnen ve karar veren t\u00fcm erkek veya kad\u0131nlara en az 2-3 sa\u00e7 ekim merkezini \u00f6neriyoruz.<\/p>\n<p><strong>Klasik Sa\u00e7 Ekimi S\u00fcreci<\/strong><\/p>\n<p>Sa\u00e7 ekimi hizmeti almak isteyen ki\u015filerin g\u00f6r\u00fc\u015fme randevular\u0131 anla\u015fmal\u0131 sa\u011fl\u0131k kurulu\u015flar\u0131m\u0131z b\u00fcnyesinde \u00e7al\u0131\u015fan uzman ekipler taraf\u0131ndan ger\u00e7ekle\u015ftirilmektedir. Klasik sa\u00e7 ekimi i\u015flemlerinin tamam\u0131 \u015fu \u015fekildedir;[\/vc_column_text][\/vc_column][\/vc_row][vc_row row_hide=&#8221;hidden-xs hidden-sm&#8221;][vc_column column_content_align=&#8221;justify-content-end&#8221; width=&#8221;1\/4&#8243; css=&#8221;.vc_custom_1675408768368{background-color: #ffffff !important;border: 1px solid #ededed !important;border-radius: 15px !important;}&#8221; el_id=&#8221;formindex&#8221;]<style>.ld_fancy_heading_69e772c045e1d h2 {font-size:30px; } @media (min-width: 992px) { .ld_fancy_heading_69e772c045e1d h2 {padding-right:14% !important;  }  } .ld_fancy_heading_69e772c045e1d .lqd-highlight-inner{height:0.275em!important;bottom:0px!important;}.ld_fancy_heading_69e772c045e1d h2 {font-size:30px; } @media (min-width: 992px) { .ld_fancy_heading_69e772c045e1d h2 {padding-right:14% !important;  }  } <\/style><div class=\"ld-fancy-heading ld_fancy_heading_69e772c045e1d\">\n\t<h2 class=\"ld-fh-element lqd-highlight-underline lqd-highlight-grow-left text-decoration-default\"   >  <\/p>\n<h2 style=\"color: #000;margin-top: -25px;margin-left: 1vw\">\u0130leti\u015fime Ge\u00e7in<\/h2>\n<p><\/h2><\/div><style>.ld_cf7_69e772c046850 input,.ld_cf7_69e772c046850 textarea,.ld_cf7_69e772c046850 .ui-button.ui-selectmenu-button{font-size:14px;font-weight:400;}.ld_cf7_69e772c046850 input[type=\"submit\"]{font-size:16px;font-weight:700;background:rgb(255, 205, 40);color:rgb(24, 67, 65);border-color:rgb(255, 205, 40);}.ld_cf7_69e772c046850 input, .ld_cf7_69e772c046850 select, .ld_cf7_69e772c046850 textarea, .ld_cf7_69e772c046850 .ui-button.ui-selectmenu-button{background:rgb(248, 245, 243);}.ld_cf7_69e772c046850 input, .ld_cf7_69e772c046850 select, .ld_cf7_69e772c046850 textarea, .ld_cf7_69e772c046850 .ui-button.ui-selectmenu-button, .ld_cf7_69e772c046850 .wpcf7-form-control-wrap > i, .ld_cf7_69e772c046850 .wpcf7-radio{color:rgb(0, 0, 0);}.ld_cf7_69e772c046850 input[type=\"submit\"]:focus,.ld_cf7_69e772c046850 input[type=\"submit\"]:hover{background:rgb(24, 67, 65);}.ld_cf7_69e772c046850 input[type=\"submit\"]:hover{color:rgb(255, 255, 255);border-color:rgb(24, 67, 65);}.ld_cf7_69e772c046850 .wpcf7-form-control-wrap{margin-bottom:20px;}<\/style><div id=\"ld_cf7_69e772c046850\" class=\"lqd-contact-form lqd-contact-form-inputs-sm lqd-contact-form-inputs-filled lqd-contact-form-button-sm lqd-contact-form-button-block lqd-contact-form-button-round ld_cf7_69e772c046850 vc_custom_1675406857364\">\n\t\n<div class=\"wpcf7 no-js\" id=\"wpcf7-f6-o1\" lang=\"tr-TR\" dir=\"ltr\" data-wpcf7-id=\"6\">\n<div class=\"screen-reader-response\"><p role=\"status\" aria-live=\"polite\" aria-atomic=\"true\"><\/p> <ul><\/ul><\/div>\n<form action=\"\/tr\/wp-json\/wp\/v2\/pages\/776#wpcf7-f6-o1\" method=\"post\" class=\"wpcf7-form init\" aria-label=\"\u0130leti\u015fim Formu\" novalidate=\"novalidate\" data-status=\"init\">\n<div style=\"display: none;\">\n<input type=\"hidden\" name=\"_wpcf7\" value=\"6\" \/>\n<input type=\"hidden\" name=\"_wpcf7_version\" value=\"6.0.6\" \/>\n<input type=\"hidden\" name=\"_wpcf7_locale\" value=\"tr_TR\" \/>\n<input type=\"hidden\" name=\"_wpcf7_unit_tag\" value=\"wpcf7-f6-o1\" \/>\n<input type=\"hidden\" name=\"_wpcf7_container_post\" value=\"0\" \/>\n<input type=\"hidden\" name=\"_wpcf7_posted_data_hash\" value=\"\" \/>\n<\/div>\n<div class=\"row\">\n\t<p class=\"col-md-6\"><br \/>\n<span class=\"wpcf7-form-control-wrap\" data-name=\"text-500\"><input size=\"40\" maxlength=\"400\" class=\"wpcf7-form-control wpcf7-text wpcf7-validates-as-required\" aria-required=\"true\" aria-invalid=\"false\" placeholder=\"Ad\" value=\"\" type=\"text\" name=\"text-500\" \/><\/span>\n\t<\/p>\n\t<p class=\"col-md-6\"><br \/>\n<span class=\"wpcf7-form-control-wrap\" data-name=\"email-48\"><input size=\"40\" maxlength=\"400\" class=\"wpcf7-form-control wpcf7-email wpcf7-validates-as-required wpcf7-text wpcf7-validates-as-email\" aria-required=\"true\" aria-invalid=\"false\" placeholder=\"E-Posta\" value=\"\" type=\"email\" name=\"email-48\" \/><\/span>\n\t<\/p>\n\t<p class=\"col-md-12\"><br \/>\n<span class=\"wpcf7-form-control-wrap tel-779\"><input type=\"hidden\" value=\"false\" class=\"check_validate\" name=\"tel-779_check\" \/><input class=\"wpcf7-form-control wpcf7-tel wpcf7-validates-as-required wpcf7-validates-as-tel\" aria-required=\"true\" aria-invalid=\"false\" placeholder=\"Telefon\" value=\"\" type=\"tel\" name=\"tel-779_hide\" data-name=\"tel-779\"  data-pre=\"\" data-excludeCountries=\"\" data-onlyct=\"\" data-defcountry=\"\" data-auto=\"\" data-validation=\"\" \/><\/span>\n\t<\/p>\n\t<p class=\"col-md-12\"><br \/>\n<span class=\"wpcf7-form-control-wrap\" data-name=\"menu-476\"><select class=\"wpcf7-form-control wpcf7-select wpcf7-validates-as-required\" aria-required=\"true\" aria-invalid=\"false\" name=\"menu-476\"><option value=\"T\u00fcp Bebek\">T\u00fcp Bebek<\/option><option value=\"Genel\">Genel<\/option><option value=\"\u00dcroloji\">\u00dcroloji<\/option><option value=\"Di\u015f Sa\u011fl\u0131\u011f\u0131\">Di\u015f Sa\u011fl\u0131\u011f\u0131<\/option><option value=\"BBL\">BBL<\/option><option value=\"Burun Esteti\u011fi\">Burun Esteti\u011fi<\/option><option value=\"Medikal Estetik\">Medikal Estetik<\/option><option value=\"Sa\u00e7 Ekimi\">Sa\u00e7 Ekimi<\/option><\/select><\/span>\n\t<\/p>\n\t<p class=\"col-md-12\"><br \/>\n<input class=\"wpcf7-form-control wpcf7-submit has-spinner\" type=\"submit\" value=\"G\u00f6nder\" \/>\n\t<\/p>\n<\/div><div class=\"wpcf7-response-output\" aria-hidden=\"true\"><\/div>\n<\/form>\n<\/div>\n<\/div>[\/vc_column][vc_column width=&#8221;3\/4&#8243; bg_position=&#8221;center center&#8221; css=&#8221;.vc_custom_1678104394393{margin-right: -13vw !important;margin-left: 15vw !important;padding-top: 65vh !important;background-image: url(https:\/\/modehealthservices.com\/wp-content\/uploads\/2023\/02\/form-alani-1.jpg?id=738) !important;background-position: center !important;background-repeat: no-repeat !important;background-size: cover !important;}&#8221;][\/vc_column][\/vc_row][vc_row row_hide=&#8221;hidden-md hidden-lg&#8221;][vc_column column_content_align=&#8221;justify-content-end&#8221; width=&#8221;1\/4&#8243; css=&#8221;.vc_custom_1675408768368{background-color: #ffffff !important;border: 1px solid #ededed !important;border-radius: 15px !important;}&#8221;]<style>.ld_fancy_heading_69e772c04834f h2 {font-size:30px; } @media (min-width: 992px) { .ld_fancy_heading_69e772c04834f h2 {padding-right:14% !important;  }  } .ld_fancy_heading_69e772c04834f .lqd-highlight-inner{height:0.275em!important;bottom:0px!important;}.ld_fancy_heading_69e772c04834f h2 {font-size:30px; } @media (min-width: 992px) { .ld_fancy_heading_69e772c04834f h2 {padding-right:14% !important;  }  } <\/style><div class=\"ld-fancy-heading ld_fancy_heading_69e772c04834f\">\n\t<h2 class=\"ld-fh-element lqd-highlight-underline lqd-highlight-grow-left text-decoration-default\"   >  <\/p>\n<h2 style=\"color: #000;margin-top: -25px;margin-left: 1vw\">Bize Ula\u015f\u0131n<\/h2>\n<p><\/h2><\/div><style>.ld_cf7_69e772c049350 input,.ld_cf7_69e772c049350 textarea,.ld_cf7_69e772c049350 .ui-button.ui-selectmenu-button{font-size:14px;font-weight:400;}.ld_cf7_69e772c049350 input[type=\"submit\"]{font-size:16px;font-weight:700;background:rgb(255, 205, 40);color:rgb(24, 67, 65);border-color:rgb(255, 205, 40);}.ld_cf7_69e772c049350 input, .ld_cf7_69e772c049350 select, .ld_cf7_69e772c049350 textarea, .ld_cf7_69e772c049350 .ui-button.ui-selectmenu-button{background:rgb(248, 245, 243);}.ld_cf7_69e772c049350 input, .ld_cf7_69e772c049350 select, .ld_cf7_69e772c049350 textarea, .ld_cf7_69e772c049350 .ui-button.ui-selectmenu-button, .ld_cf7_69e772c049350 .wpcf7-form-control-wrap > i, .ld_cf7_69e772c049350 .wpcf7-radio{color:rgb(0, 0, 0);}.ld_cf7_69e772c049350 input[type=\"submit\"]:focus,.ld_cf7_69e772c049350 input[type=\"submit\"]:hover{background:rgb(24, 67, 65);}.ld_cf7_69e772c049350 input[type=\"submit\"]:hover{color:rgb(255, 255, 255);border-color:rgb(24, 67, 65);}.ld_cf7_69e772c049350 .wpcf7-form-control-wrap{margin-bottom:20px;}<\/style><div id=\"ld_cf7_69e772c049350\" class=\"lqd-contact-form lqd-contact-form-inputs-sm lqd-contact-form-inputs-filled lqd-contact-form-button-sm lqd-contact-form-button-block lqd-contact-form-button-round ld_cf7_69e772c049350 vc_custom_1675406857364\">\n\t\n<div class=\"wpcf7 no-js\" id=\"wpcf7-f6-o2\" lang=\"tr-TR\" dir=\"ltr\" data-wpcf7-id=\"6\">\n<div class=\"screen-reader-response\"><p role=\"status\" aria-live=\"polite\" aria-atomic=\"true\"><\/p> <ul><\/ul><\/div>\n<form action=\"\/tr\/wp-json\/wp\/v2\/pages\/776#wpcf7-f6-o2\" method=\"post\" class=\"wpcf7-form init\" aria-label=\"\u0130leti\u015fim Formu\" novalidate=\"novalidate\" data-status=\"init\">\n<div style=\"display: none;\">\n<input type=\"hidden\" name=\"_wpcf7\" value=\"6\" \/>\n<input type=\"hidden\" name=\"_wpcf7_version\" value=\"6.0.6\" \/>\n<input type=\"hidden\" name=\"_wpcf7_locale\" value=\"tr_TR\" \/>\n<input type=\"hidden\" name=\"_wpcf7_unit_tag\" value=\"wpcf7-f6-o2\" \/>\n<input type=\"hidden\" name=\"_wpcf7_container_post\" value=\"0\" \/>\n<input type=\"hidden\" name=\"_wpcf7_posted_data_hash\" value=\"\" \/>\n<\/div>\n<div class=\"row\">\n\t<p class=\"col-md-6\"><br \/>\n<span class=\"wpcf7-form-control-wrap\" data-name=\"text-500\"><input size=\"40\" maxlength=\"400\" class=\"wpcf7-form-control wpcf7-text wpcf7-validates-as-required\" aria-required=\"true\" aria-invalid=\"false\" placeholder=\"Ad\" value=\"\" type=\"text\" name=\"text-500\" \/><\/span>\n\t<\/p>\n\t<p class=\"col-md-6\"><br \/>\n<span class=\"wpcf7-form-control-wrap\" data-name=\"email-48\"><input size=\"40\" maxlength=\"400\" class=\"wpcf7-form-control wpcf7-email wpcf7-validates-as-required wpcf7-text wpcf7-validates-as-email\" aria-required=\"true\" aria-invalid=\"false\" placeholder=\"E-Posta\" value=\"\" type=\"email\" name=\"email-48\" \/><\/span>\n\t<\/p>\n\t<p class=\"col-md-12\"><br \/>\n<span class=\"wpcf7-form-control-wrap tel-779\"><input type=\"hidden\" value=\"false\" class=\"check_validate\" name=\"tel-779_check\" \/><input class=\"wpcf7-form-control wpcf7-tel wpcf7-validates-as-required wpcf7-validates-as-tel\" aria-required=\"true\" aria-invalid=\"false\" placeholder=\"Telefon\" value=\"\" type=\"tel\" name=\"tel-779_hide\" data-name=\"tel-779\"  data-pre=\"\" data-excludeCountries=\"\" data-onlyct=\"\" data-defcountry=\"\" data-auto=\"\" data-validation=\"\" \/><\/span>\n\t<\/p>\n\t<p class=\"col-md-12\"><br \/>\n<span class=\"wpcf7-form-control-wrap\" data-name=\"menu-476\"><select class=\"wpcf7-form-control wpcf7-select wpcf7-validates-as-required\" aria-required=\"true\" aria-invalid=\"false\" name=\"menu-476\"><option value=\"T\u00fcp Bebek\">T\u00fcp Bebek<\/option><option value=\"Genel\">Genel<\/option><option value=\"\u00dcroloji\">\u00dcroloji<\/option><option value=\"Di\u015f Sa\u011fl\u0131\u011f\u0131\">Di\u015f Sa\u011fl\u0131\u011f\u0131<\/option><option value=\"BBL\">BBL<\/option><option value=\"Burun Esteti\u011fi\">Burun Esteti\u011fi<\/option><option value=\"Medikal Estetik\">Medikal Estetik<\/option><option value=\"Sa\u00e7 Ekimi\">Sa\u00e7 Ekimi<\/option><\/select><\/span>\n\t<\/p>\n\t<p class=\"col-md-12\"><br \/>\n<input class=\"wpcf7-form-control wpcf7-submit has-spinner\" type=\"submit\" value=\"G\u00f6nder\" \/>\n\t<\/p>\n<\/div><div class=\"wpcf7-response-output\" aria-hidden=\"true\"><\/div>\n<\/form>\n<\/div>\n<\/div>[\/vc_column][\/vc_row]<\/p>\n","protected":false},"excerpt":{"rendered":"<p>[vc_row bg_position=&#8221;center center&#8221; css=&#8221;.vc_custom_1678104385135{background-image: url(https:\/\/modehealthservices.com\/wp-content\/uploads\/2023\/02\/tedavi-ust-sac-1.jpg?id=846) !important;background-position: center !important;background-repeat: no-repeat !important;background-size: cover !important;}&#8221;][vc_column css=&#8221;.vc_custom_1675342230286{padding-top: 24vh !important;padding-bottom: 24vh !important;}&#8221;][\/vc_column][\/vc_row][vc_row content_placement=&#8221;middle&#8221; css=&#8221;.vc_custom_1605622148793{padding-top: 60px !important;padding-bottom: 80px !important;}&#8221; responsive_css=&#8221;padding_top_medium:120px|padding_bottom_medium:140px&#8221;][vc_column offset=&#8221;vc_col-md-4&#8243; responsive_css=&#8221;padding_right_large:10%25|padding_bottom_medium:0px&#8221; css=&#8221;.vc_custom_1605622117741{padding-bottom: 40px !important;}&#8221;][\/vc_column][vc_column offset=&#8221;vc_col-md-offset-2 vc_col-md-5&#8243;][\/vc_column][\/vc_row][vc_row css=&#8221;.vc_custom_1675417146179{margin-bottom: 10vh !important;}&#8221;][vc_column][vc_column_text]Geleneksel Sa\u00e7 Ekimi Geleneksel sa\u00e7 ekiminde \u00f6ng\u00f6r\u00fclebilir bir plan yapmak kolayd\u0131r. Sa\u00e7 ekimi yapt\u0131rmay\u0131 d\u00fc\u015f\u00fcnen ki\u015filer don\u00f6r alan = ekim alan\u0131 olarak [&hellip;]<\/p>\n","protected":false},"author":1,"featured_media":0,"parent":0,"menu_order":0,"comment_status":"closed","ping_status":"closed","template":"","meta":{"_joinchat":[],"footnotes":""},"class_list":["post-776","page","type-page","status-publish","hentry"],"_links":{"self":[{"href":"https:\/\/modehealthservices.com\/tr\/wp-json\/wp\/v2\/pages\/776","targetHints":{"allow":["GET"]}}],"collection":[{"href":"https:\/\/modehealthservices.com\/tr\/wp-json\/wp\/v2\/pages"}],"about":[{"href":"https:\/\/modehealthservices.com\/tr\/wp-json\/wp\/v2\/types\/page"}],"author":[{"embeddable":true,"href":"https:\/\/modehealthservices.com\/tr\/wp-json\/wp\/v2\/users\/1"}],"replies":[{"embeddable":true,"href":"https:\/\/modehealthservices.com\/tr\/wp-json\/wp\/v2\/comments?post=776"}],"version-history":[{"count":10,"href":"https:\/\/modehealthservices.com\/tr\/wp-json\/wp\/v2\/pages\/776\/revisions"}],"predecessor-version":[{"id":2835,"href":"https:\/\/modehealthservices.com\/tr\/wp-json\/wp\/v2\/pages\/776\/revisions\/2835"}],"wp:attachment":[{"href":"https:\/\/modehealthservices.com\/tr\/wp-json\/wp\/v2\/media?parent=776"}],"curies":[{"name":"wp","href":"https:\/\/api.w.org\/{rel}","templated":true}]}}