{"id":778,"date":"2023-02-03T10:02:50","date_gmt":"2023-02-03T07:02:50","guid":{"rendered":"http:\/\/moddbeta.xyz\/modehealth\/?page_id=778"},"modified":"2025-04-25T17:10:02","modified_gmt":"2025-04-25T14:10:02","slug":"obezite-tedavisi","status":"publish","type":"page","link":"https:\/\/modehealthservices.com\/tr\/obezite-tedavisi\/","title":{"rendered":"Obezite Tedavisi"},"content":{"rendered":"<p>[vc_row bg_position=&#8221;center center&#8221; css=&#8221;.vc_custom_1678104428465{background-image: url(https:\/\/modehealthservices.com\/wp-content\/uploads\/2023\/02\/tedavi-ust-obezite-1.jpg?id=843) !important;background-position: center !important;background-repeat: no-repeat !important;background-size: cover !important;}&#8221;][vc_column css=&#8221;.vc_custom_1675342230286{padding-top: 24vh !important;padding-bottom: 24vh !important;}&#8221;][\/vc_column][\/vc_row][vc_row content_placement=&#8221;middle&#8221; css=&#8221;.vc_custom_1605622148793{padding-top: 60px !important;padding-bottom: 80px !important;}&#8221; responsive_css=&#8221;padding_top_medium:120px|padding_bottom_medium:140px&#8221;][vc_column offset=&#8221;vc_col-md-4&#8243; responsive_css=&#8221;padding_right_large:10%25|padding_bottom_medium:0px&#8221; css=&#8221;.vc_custom_1605622117741{padding-bottom: 40px !important;}&#8221;]<style>.ld_fancy_heading_69e772a14eb96 .lqd-highlight-inner{height:0.275em!important;bottom:0px!important;}<\/style><div class=\"ld-fancy-heading ld_fancy_heading_69e772a14eb96\">\n\t<h2 class=\"ld-fh-element lqd-highlight-underline lqd-highlight-grow-left text-decoration-default\"   >  Obezite Cerrahisi Nedir?<\/h2><\/div><style>.ld_fancy_heading_69e772a14ee64 p {margin-bottom:1.5em !important;  } .ld_fancy_heading_69e772a14ee64 .lqd-highlight-inner{height:0.275em!important;bottom:0px!important;}.ld_fancy_heading_69e772a14ee64 p {margin-bottom:1.5em !important;  } <\/style><div class=\"ld-fancy-heading ld_fancy_heading_69e772a14ee64\">\n\t<p class=\"ld-fh-element lqd-highlight-underline lqd-highlight-grow-left text-decoration-default\"   >  Obezite Cerrahisi; Kilo vermemize yard\u0131mc\u0131 olmak i\u00e7in yap\u0131lan ameliyatlard\u0131r. Bir\u00e7ok ameliyat t\u00fcr\u00fc vard\u0131r. .Asla ilk tercih de\u011fildir.<\/p>\n<p>Obezite hastalar\u0131nda diyet, egzersiz ve ila\u00e7 tedavisi sonras\u0131 ba\u015far\u0131l\u0131 sonu\u00e7 al\u0131namayan durumlarda obezite cerrahisi uygulanabilmektedir.<\/p><\/div>[\/vc_column][vc_column offset=&#8221;vc_col-md-offset-2 vc_col-md-5&#8243;]<div id=\"ld_images_group_container_69e772a14f044\" class=\"lqd-imggrp-container ld_images_group_container_69e772a14f044\"   >\n\t<div class=\"lqd-imggrp-inner\">\n\t\t<p><style>.ld_images_group_element_69e772a14f254{position:absolute;}.ld_images_group_element_69e772a14f254 {bottom:-10% !important; left:45% !important;  } .ld_images_group_element_69e772a14f254 {bottom:-10% !important; left:45% !important;  } <\/style><div id=\"ld_images_group_element_69e772a14f254\" class=\"lqd-imggrp-single ld_images_group_element_69e772a14f254\" data-shadow-style=\"3\" data-roundness=\"2\" data-inview=\"true\" data-inview-options='{\"delayTime\":500}' data-animate-shadow=\"true\" data-hover3d=\"true\"  >\n\t\n\t<div class=\"lqd-imggrp-img-container\" data-stacking-factor=\"1\"   >\n\t\t\n\t\t\t\t\n\t\t\t\t<figure ><img decoding=\"async\" width=\"350\" height=\"350\" src=\"https:\/\/modehealthservices.com\/wp-content\/uploads\/2023\/02\/700X700-hizmetler-BACRO-2.png\" srcset=\"https:\/\/modehealthservices.com\/wp-content\/uploads\/2023\/02\/700X700-hizmetler-BACRO-2-300x300.png 300w, https:\/\/modehealthservices.com\/wp-content\/uploads\/2023\/02\/700X700-hizmetler-BACRO-2-150x150.png 150w, https:\/\/modehealthservices.com\/wp-content\/uploads\/2023\/02\/700X700-hizmetler-BACRO-2.png 700w\" class=\"\" alt=\"\" itemprop=\"image\" \/><\/figure>\t\t\t\t\t\t\t\t\n\t<\/div><!-- \/.lqd-imggrp-content -->\n<\/div><!-- \/.lqd-imggrp-single --><div id=\"ld_images_group_element_69e772a150374\" class=\"lqd-imggrp-single ld_images_group_element_69e772a150374\" data-shadow-style=\"3\" data-roundness=\"2\" data-inview=\"true\" data-animate-shadow=\"true\" data-hover3d=\"true\"  >\n\t\n\t<div class=\"lqd-imggrp-img-container\" data-stacking-factor=\"1\"   >\n\t\t\n\t\t\t\t\n\t\t\t\t<figure ><img decoding=\"async\" width=\"350\" height=\"350\" src=\"data:image\/svg+xml;charset=utf-8,%3Csvg xmlns%3D&#039;http%3A%2F%2Fwww.w3.org%2F2000%2Fsvg&#039; viewBox%3D&#039;0 0 700 700&#039;%2F%3E\" class=\" ld-lazyload\" alt=\"\" itemprop=\"image\" data-src=\"https:\/\/modehealthservices.com\/wp-content\/uploads\/2023\/02\/700X700-hizmetler-obezite-1.jpg\" data-srcset=\"https:\/\/modehealthservices.com\/wp-content\/uploads\/2023\/02\/700X700-hizmetler-obezite-1-300x300.jpg 300w, https:\/\/modehealthservices.com\/wp-content\/uploads\/2023\/02\/700X700-hizmetler-obezite-1-150x150.jpg 150w, https:\/\/modehealthservices.com\/wp-content\/uploads\/2023\/02\/700X700-hizmetler-obezite-1.jpg 700w\" data-aspect=\"1\" \/><\/figure>\t\t\t\t\t\t\t\t\n\t<\/div><!-- \/.lqd-imggrp-content -->\n<\/div><!-- \/.lqd-imggrp-single --><\/p>\n\t\n\t<\/div><!-- \/.lqd-imggrp-inner -->\n<\/div><!-- \/.lqd-imggrp-container -->[\/vc_column][\/vc_row][vc_row css=&#8221;.vc_custom_1675417428710{margin-bottom: 10vh !important;}&#8221;][vc_column][vc_column_text]<strong>**Obezite Ameliyat\u0131 Kime Uygundur?**<\/strong><\/p>\n<p>Obezite ameliyat\u0131 y\u00f6ntemi, ameliyat \u00f6ncesinde di\u011fer t\u00fcm tedavi y\u00f6ntemlerini denemi\u015f ancak ba\u015far\u0131l\u0131 olamam\u0131\u015f ki\u015filer i\u00e7in uygundur. Hasta, cerrahi i\u015flem \u00f6ncesinde t\u00fcm ilgili birimlerle de\u011ferlendirilmelidir ve anestezi a\u00e7\u0131s\u0131ndan ameliyata uygun olmal\u0131d\u0131r. Hasta se\u00e7imi, v\u00fccut kitle indeksine g\u00f6re yap\u0131l\u0131r. V\u00fccut kitle indeksi 40&#8217;\u0131n \u00fczerindeyse hasta ameliyat edilebilir. V\u00fccut kitle indeksi 35 ile 40 aras\u0131ndaysa ve ek bir hastal\u0131k (hipertansiyon, Tip 2 diyabet, uyku apne sendromu, y\u00fcksek trigliseridli kalp hastal\u0131\u011f\u0131, hipoventilasyon sendromu, ya\u011fl\u0131 karaci\u011fer gibi) varsa, v\u00fccut kitle indeksi 30 ile 35 aras\u0131ndaysa ve kan \u015fekeri medikal tedavilerle kontrol alt\u0131na al\u0131nam\u0131yorsa, Tip 2 Diyabet hastalar\u0131na ameliyat \u00f6nerilebilir.<\/p>\n<p><strong>**Obezite Tedavisi \u0130\u00e7in Ameliyat T\u00fcrleri**<\/strong><\/p>\n<p>Geli\u015fen teknoloji ile obezitede kullan\u0131lan \u00e7e\u015fitli cerrahi teknikler bulunmaktad\u0131r. Ameliyat se\u00e7imi, hastan\u0131n durumu g\u00f6z \u00f6n\u00fcnde bulundurularak doktor ve hasta taraf\u0131ndan birlikte karar verilir.<\/p>\n<p><strong>**Gastrik Balon**<\/strong><\/p>\n<p>Kilo vermeye yard\u0131mc\u0131 olman\u0131n en basit y\u00f6ntemi gastrik balon uygulamas\u0131d\u0131r. Bu y\u00f6ntemde, endoskop yard\u0131m\u0131yla mideye s\u0131v\u0131 veya hava ile doldurulmu\u015f bir balon yerle\u015ftirilir ve bu i\u015flem hafif anestezi alt\u0131nda yap\u0131l\u0131r. Bu i\u015flem 15-20 dakika s\u00fcrer. B\u00f6ylece midenin yemek alma kapasitesi azalt\u0131l\u0131r ve h\u0131zl\u0131 doyma sa\u011flan\u0131r. Bu y\u00f6ntemle hastalar birka\u00e7 ay i\u00e7inde 7-8 kilo verebilirler. Ancak bu balon, v\u00fccutta 6 ay, en fazla 1 y\u0131l kalabilir ve endoskopik y\u00f6ntemle 5-6 dakika i\u00e7inde \u00e7\u0131kar\u0131l\u0131r. Uygulaman\u0131n avantaj\u0131, basit bir \u015fekilde yap\u0131lmas\u0131 ve v\u00fccutta kal\u0131c\u0131 bir de\u011fi\u015fiklik yaratmamas\u0131d\u0131r. Ancak hasta ya\u015fam tarz\u0131n\u0131 de\u011fi\u015ftirmez ve balon \u00e7\u0131kar\u0131ld\u0131ktan sonra diyete devam etmezse kaybedilen kilo geri al\u0131nabilir. Bununla birlikte, 6 ay-1 y\u0131l kullan\u0131m s\u00fcresi i\u00e7inde, hastalara nas\u0131l yemek yiyecekleri konusunda e\u011fitim verilir. G\u00fcn\u00fcm\u00fczde gastrik balon y\u00f6ntemi, ameliyat i\u00e7in \u00e7ok riskli olan veya s\u00fcper obez olan hastalarda temel morbid obezite ameliyat\u0131 i\u00e7in haz\u0131rl\u0131k olarak kullan\u0131lmaktad\u0131r. Ayr\u0131ca kilolu olmayanlar taraf\u0131ndan da kullan\u0131labilir.[\/vc_column_text][\/vc_column][\/vc_row][vc_row row_hide=&#8221;hidden-xs hidden-sm&#8221;][vc_column column_content_align=&#8221;justify-content-end&#8221; width=&#8221;1\/4&#8243; css=&#8221;.vc_custom_1675408453780{border-top-width: 1px !important;border-right-width: 1px !important;border-bottom-width: 1px !important;border-left-width: 1px !important;background-color: #ffffff !important;border-left-color: #ededed !important;border-left-style: solid !important;border-right-color: #ededed !important;border-right-style: solid !important;border-top-color: #ededed !important;border-top-style: solid !important;border-bottom-color: #ededed !important;border-bottom-style: solid !important;border-radius: 15px !important;}&#8221; el_id=&#8221;formindex&#8221;]<style>.ld_fancy_heading_69e772a184560 h2 {font-size:30px; } @media (min-width: 992px) { .ld_fancy_heading_69e772a184560 h2 {padding-right:14% !important;  }  } .ld_fancy_heading_69e772a184560 .lqd-highlight-inner{height:0.275em!important;bottom:0px!important;}.ld_fancy_heading_69e772a184560 h2 {font-size:30px; } @media (min-width: 992px) { .ld_fancy_heading_69e772a184560 h2 {padding-right:14% !important;  }  } <\/style><div class=\"ld-fancy-heading ld_fancy_heading_69e772a184560\">\n\t<h2 class=\"ld-fh-element lqd-highlight-underline lqd-highlight-grow-left text-decoration-default\"   >  <\/p>\n<h2 style=\"color: #000;margin-top: -25px;margin-left: 1vw\">\u0130leti\u015fime Ge\u00e7in<\/h2>\n<p><\/h2><\/div><style>.ld_cf7_69e772a185b93 input,.ld_cf7_69e772a185b93 textarea,.ld_cf7_69e772a185b93 .ui-button.ui-selectmenu-button{font-size:14px;font-weight:400;}.ld_cf7_69e772a185b93 input[type=\"submit\"]{font-size:16px;font-weight:700;background:rgb(255, 205, 40);color:rgb(24, 67, 65);border-color:rgb(255, 205, 40);}.ld_cf7_69e772a185b93 input, .ld_cf7_69e772a185b93 select, .ld_cf7_69e772a185b93 textarea, .ld_cf7_69e772a185b93 .ui-button.ui-selectmenu-button{background:rgb(248, 245, 243);}.ld_cf7_69e772a185b93 input, .ld_cf7_69e772a185b93 select, .ld_cf7_69e772a185b93 textarea, .ld_cf7_69e772a185b93 .ui-button.ui-selectmenu-button, .ld_cf7_69e772a185b93 .wpcf7-form-control-wrap > i, .ld_cf7_69e772a185b93 .wpcf7-radio{color:rgb(0, 0, 0);}.ld_cf7_69e772a185b93 input[type=\"submit\"]:focus,.ld_cf7_69e772a185b93 input[type=\"submit\"]:hover{background:rgb(24, 67, 65);}.ld_cf7_69e772a185b93 input[type=\"submit\"]:hover{color:rgb(255, 255, 255);border-color:rgb(24, 67, 65);}.ld_cf7_69e772a185b93 .wpcf7-form-control-wrap{margin-bottom:20px;}<\/style><div id=\"ld_cf7_69e772a185b93\" class=\"lqd-contact-form lqd-contact-form-inputs-sm lqd-contact-form-inputs-filled lqd-contact-form-button-sm lqd-contact-form-button-block lqd-contact-form-button-round ld_cf7_69e772a185b93 vc_custom_1675406857364\">\n\t\n<div class=\"wpcf7 no-js\" id=\"wpcf7-f6-o1\" lang=\"tr-TR\" dir=\"ltr\" data-wpcf7-id=\"6\">\n<div class=\"screen-reader-response\"><p role=\"status\" aria-live=\"polite\" aria-atomic=\"true\"><\/p> <ul><\/ul><\/div>\n<form action=\"\/tr\/wp-json\/wp\/v2\/pages\/778#wpcf7-f6-o1\" method=\"post\" class=\"wpcf7-form init\" aria-label=\"\u0130leti\u015fim Formu\" novalidate=\"novalidate\" data-status=\"init\">\n<div style=\"display: none;\">\n<input type=\"hidden\" name=\"_wpcf7\" value=\"6\" \/>\n<input type=\"hidden\" name=\"_wpcf7_version\" value=\"6.0.6\" \/>\n<input type=\"hidden\" name=\"_wpcf7_locale\" value=\"tr_TR\" \/>\n<input type=\"hidden\" name=\"_wpcf7_unit_tag\" value=\"wpcf7-f6-o1\" \/>\n<input type=\"hidden\" name=\"_wpcf7_container_post\" value=\"0\" \/>\n<input type=\"hidden\" name=\"_wpcf7_posted_data_hash\" value=\"\" \/>\n<\/div>\n<div class=\"row\">\n\t<p class=\"col-md-6\"><br \/>\n<span class=\"wpcf7-form-control-wrap\" data-name=\"text-500\"><input size=\"40\" maxlength=\"400\" class=\"wpcf7-form-control wpcf7-text wpcf7-validates-as-required\" aria-required=\"true\" aria-invalid=\"false\" placeholder=\"Ad\" value=\"\" type=\"text\" name=\"text-500\" \/><\/span>\n\t<\/p>\n\t<p class=\"col-md-6\"><br \/>\n<span class=\"wpcf7-form-control-wrap\" data-name=\"email-48\"><input size=\"40\" maxlength=\"400\" class=\"wpcf7-form-control wpcf7-email wpcf7-validates-as-required wpcf7-text wpcf7-validates-as-email\" aria-required=\"true\" aria-invalid=\"false\" placeholder=\"E-Posta\" value=\"\" type=\"email\" name=\"email-48\" \/><\/span>\n\t<\/p>\n\t<p class=\"col-md-12\"><br \/>\n<span class=\"wpcf7-form-control-wrap tel-779\"><input type=\"hidden\" value=\"false\" class=\"check_validate\" name=\"tel-779_check\" \/><input class=\"wpcf7-form-control wpcf7-tel wpcf7-validates-as-required wpcf7-validates-as-tel\" aria-required=\"true\" aria-invalid=\"false\" placeholder=\"Telefon\" value=\"\" type=\"tel\" name=\"tel-779_hide\" data-name=\"tel-779\"  data-pre=\"\" data-excludeCountries=\"\" data-onlyct=\"\" data-defcountry=\"\" data-auto=\"\" data-validation=\"\" \/><\/span>\n\t<\/p>\n\t<p class=\"col-md-12\"><br \/>\n<span class=\"wpcf7-form-control-wrap\" data-name=\"menu-476\"><select class=\"wpcf7-form-control wpcf7-select wpcf7-validates-as-required\" aria-required=\"true\" aria-invalid=\"false\" name=\"menu-476\"><option value=\"T\u00fcp Bebek\">T\u00fcp Bebek<\/option><option value=\"Genel\">Genel<\/option><option value=\"\u00dcroloji\">\u00dcroloji<\/option><option value=\"Di\u015f Sa\u011fl\u0131\u011f\u0131\">Di\u015f Sa\u011fl\u0131\u011f\u0131<\/option><option value=\"BBL\">BBL<\/option><option value=\"Burun Esteti\u011fi\">Burun Esteti\u011fi<\/option><option value=\"Medikal Estetik\">Medikal Estetik<\/option><option value=\"Sa\u00e7 Ekimi\">Sa\u00e7 Ekimi<\/option><\/select><\/span>\n\t<\/p>\n\t<p class=\"col-md-12\"><br \/>\n<input class=\"wpcf7-form-control wpcf7-submit has-spinner\" type=\"submit\" value=\"G\u00f6nder\" \/>\n\t<\/p>\n<\/div><div class=\"wpcf7-response-output\" aria-hidden=\"true\"><\/div>\n<\/form>\n<\/div>\n<\/div>[\/vc_column][vc_column width=&#8221;3\/4&#8243; bg_position=&#8221;center center&#8221; css=&#8221;.vc_custom_1678104439214{margin-right: -13vw !important;margin-left: 15vw !important;padding-top: 65vh !important;background-image: url(https:\/\/modehealthservices.com\/wp-content\/uploads\/2023\/02\/form-alani-1.jpg?id=738) !important;background-position: center !important;background-repeat: no-repeat !important;background-size: cover !important;}&#8221;][\/vc_column][\/vc_row][vc_row row_hide=&#8221;hidden-md hidden-lg&#8221;][vc_column column_content_align=&#8221;justify-content-end&#8221; width=&#8221;1\/4&#8243; css=&#8221;.vc_custom_1675408453780{border-top-width: 1px !important;border-right-width: 1px !important;border-bottom-width: 1px !important;border-left-width: 1px !important;background-color: #ffffff !important;border-left-color: #ededed !important;border-left-style: solid !important;border-right-color: #ededed !important;border-right-style: solid !important;border-top-color: #ededed !important;border-top-style: solid !important;border-bottom-color: #ededed !important;border-bottom-style: solid !important;border-radius: 15px !important;}&#8221;]<style>.ld_fancy_heading_69e772a192860 h2 {font-size:30px; } @media (min-width: 992px) { .ld_fancy_heading_69e772a192860 h2 {padding-right:14% !important;  }  } .ld_fancy_heading_69e772a192860 .lqd-highlight-inner{height:0.275em!important;bottom:0px!important;}.ld_fancy_heading_69e772a192860 h2 {font-size:30px; } @media (min-width: 992px) { .ld_fancy_heading_69e772a192860 h2 {padding-right:14% !important;  }  } <\/style><div class=\"ld-fancy-heading ld_fancy_heading_69e772a192860\">\n\t<h2 class=\"ld-fh-element lqd-highlight-underline lqd-highlight-grow-left text-decoration-default\"   >  <\/p>\n<h2 style=\"color: #000;margin-top: -25px;margin-left: 1vw\">Bize Ula\u015f\u0131n<\/h2>\n<p><\/h2><\/div><style>.ld_cf7_69e772a195d0c input,.ld_cf7_69e772a195d0c textarea,.ld_cf7_69e772a195d0c .ui-button.ui-selectmenu-button{font-size:14px;font-weight:400;}.ld_cf7_69e772a195d0c input[type=\"submit\"]{font-size:16px;font-weight:700;background:rgb(255, 205, 40);color:rgb(24, 67, 65);border-color:rgb(255, 205, 40);}.ld_cf7_69e772a195d0c input, .ld_cf7_69e772a195d0c select, .ld_cf7_69e772a195d0c textarea, .ld_cf7_69e772a195d0c .ui-button.ui-selectmenu-button{background:rgb(248, 245, 243);}.ld_cf7_69e772a195d0c input, .ld_cf7_69e772a195d0c select, .ld_cf7_69e772a195d0c textarea, .ld_cf7_69e772a195d0c .ui-button.ui-selectmenu-button, .ld_cf7_69e772a195d0c .wpcf7-form-control-wrap > i, .ld_cf7_69e772a195d0c .wpcf7-radio{color:rgb(0, 0, 0);}.ld_cf7_69e772a195d0c input[type=\"submit\"]:focus,.ld_cf7_69e772a195d0c input[type=\"submit\"]:hover{background:rgb(24, 67, 65);}.ld_cf7_69e772a195d0c input[type=\"submit\"]:hover{color:rgb(255, 255, 255);border-color:rgb(24, 67, 65);}.ld_cf7_69e772a195d0c .wpcf7-form-control-wrap{margin-bottom:20px;}<\/style><div id=\"ld_cf7_69e772a195d0c\" class=\"lqd-contact-form lqd-contact-form-inputs-sm lqd-contact-form-inputs-filled lqd-contact-form-button-sm lqd-contact-form-button-block lqd-contact-form-button-round ld_cf7_69e772a195d0c vc_custom_1675406857364\">\n\t\n<div class=\"wpcf7 no-js\" id=\"wpcf7-f6-o2\" lang=\"tr-TR\" dir=\"ltr\" data-wpcf7-id=\"6\">\n<div class=\"screen-reader-response\"><p role=\"status\" aria-live=\"polite\" aria-atomic=\"true\"><\/p> <ul><\/ul><\/div>\n<form action=\"\/tr\/wp-json\/wp\/v2\/pages\/778#wpcf7-f6-o2\" method=\"post\" class=\"wpcf7-form init\" aria-label=\"\u0130leti\u015fim Formu\" novalidate=\"novalidate\" data-status=\"init\">\n<div style=\"display: none;\">\n<input type=\"hidden\" name=\"_wpcf7\" value=\"6\" \/>\n<input type=\"hidden\" name=\"_wpcf7_version\" value=\"6.0.6\" \/>\n<input type=\"hidden\" name=\"_wpcf7_locale\" value=\"tr_TR\" \/>\n<input type=\"hidden\" name=\"_wpcf7_unit_tag\" value=\"wpcf7-f6-o2\" \/>\n<input type=\"hidden\" name=\"_wpcf7_container_post\" value=\"0\" \/>\n<input type=\"hidden\" name=\"_wpcf7_posted_data_hash\" value=\"\" \/>\n<\/div>\n<div class=\"row\">\n\t<p class=\"col-md-6\"><br \/>\n<span class=\"wpcf7-form-control-wrap\" data-name=\"text-500\"><input size=\"40\" maxlength=\"400\" class=\"wpcf7-form-control wpcf7-text wpcf7-validates-as-required\" aria-required=\"true\" aria-invalid=\"false\" placeholder=\"Ad\" value=\"\" type=\"text\" name=\"text-500\" \/><\/span>\n\t<\/p>\n\t<p class=\"col-md-6\"><br \/>\n<span class=\"wpcf7-form-control-wrap\" data-name=\"email-48\"><input size=\"40\" maxlength=\"400\" class=\"wpcf7-form-control wpcf7-email wpcf7-validates-as-required wpcf7-text wpcf7-validates-as-email\" aria-required=\"true\" aria-invalid=\"false\" placeholder=\"E-Posta\" value=\"\" type=\"email\" name=\"email-48\" \/><\/span>\n\t<\/p>\n\t<p class=\"col-md-12\"><br \/>\n<span class=\"wpcf7-form-control-wrap tel-779\"><input type=\"hidden\" value=\"false\" class=\"check_validate\" name=\"tel-779_check\" \/><input class=\"wpcf7-form-control wpcf7-tel wpcf7-validates-as-required wpcf7-validates-as-tel\" aria-required=\"true\" aria-invalid=\"false\" placeholder=\"Telefon\" value=\"\" type=\"tel\" name=\"tel-779_hide\" data-name=\"tel-779\"  data-pre=\"\" data-excludeCountries=\"\" data-onlyct=\"\" data-defcountry=\"\" data-auto=\"\" data-validation=\"\" \/><\/span>\n\t<\/p>\n\t<p class=\"col-md-12\"><br \/>\n<span class=\"wpcf7-form-control-wrap\" data-name=\"menu-476\"><select class=\"wpcf7-form-control wpcf7-select wpcf7-validates-as-required\" aria-required=\"true\" aria-invalid=\"false\" name=\"menu-476\"><option value=\"T\u00fcp Bebek\">T\u00fcp Bebek<\/option><option value=\"Genel\">Genel<\/option><option value=\"\u00dcroloji\">\u00dcroloji<\/option><option value=\"Di\u015f Sa\u011fl\u0131\u011f\u0131\">Di\u015f Sa\u011fl\u0131\u011f\u0131<\/option><option value=\"BBL\">BBL<\/option><option value=\"Burun Esteti\u011fi\">Burun Esteti\u011fi<\/option><option value=\"Medikal Estetik\">Medikal Estetik<\/option><option value=\"Sa\u00e7 Ekimi\">Sa\u00e7 Ekimi<\/option><\/select><\/span>\n\t<\/p>\n\t<p class=\"col-md-12\"><br \/>\n<input class=\"wpcf7-form-control wpcf7-submit has-spinner\" type=\"submit\" value=\"G\u00f6nder\" \/>\n\t<\/p>\n<\/div><div class=\"wpcf7-response-output\" aria-hidden=\"true\"><\/div>\n<\/form>\n<\/div>\n<\/div>[\/vc_column][\/vc_row]<\/p>\n","protected":false},"excerpt":{"rendered":"<p>[vc_row bg_position=&#8221;center center&#8221; css=&#8221;.vc_custom_1678104428465{background-image: url(https:\/\/modehealthservices.com\/wp-content\/uploads\/2023\/02\/tedavi-ust-obezite-1.jpg?id=843) !important;background-position: center !important;background-repeat: no-repeat !important;background-size: cover !important;}&#8221;][vc_column css=&#8221;.vc_custom_1675342230286{padding-top: 24vh !important;padding-bottom: 24vh !important;}&#8221;][\/vc_column][\/vc_row][vc_row content_placement=&#8221;middle&#8221; css=&#8221;.vc_custom_1605622148793{padding-top: 60px !important;padding-bottom: 80px !important;}&#8221; responsive_css=&#8221;padding_top_medium:120px|padding_bottom_medium:140px&#8221;][vc_column offset=&#8221;vc_col-md-4&#8243; responsive_css=&#8221;padding_right_large:10%25|padding_bottom_medium:0px&#8221; css=&#8221;.vc_custom_1605622117741{padding-bottom: 40px !important;}&#8221;][\/vc_column][vc_column offset=&#8221;vc_col-md-offset-2 vc_col-md-5&#8243;][\/vc_column][\/vc_row][vc_row css=&#8221;.vc_custom_1675417428710{margin-bottom: 10vh !important;}&#8221;][vc_column][vc_column_text]**Obezite Ameliyat\u0131 Kime Uygundur?** Obezite ameliyat\u0131 y\u00f6ntemi, ameliyat \u00f6ncesinde di\u011fer t\u00fcm tedavi y\u00f6ntemlerini denemi\u015f ancak ba\u015far\u0131l\u0131 olamam\u0131\u015f ki\u015filer i\u00e7in uygundur. Hasta, cerrahi [&hellip;]<\/p>\n","protected":false},"author":1,"featured_media":0,"parent":0,"menu_order":0,"comment_status":"closed","ping_status":"closed","template":"","meta":{"_joinchat":[],"footnotes":""},"class_list":["post-778","page","type-page","status-publish","hentry"],"_links":{"self":[{"href":"https:\/\/modehealthservices.com\/tr\/wp-json\/wp\/v2\/pages\/778","targetHints":{"allow":["GET"]}}],"collection":[{"href":"https:\/\/modehealthservices.com\/tr\/wp-json\/wp\/v2\/pages"}],"about":[{"href":"https:\/\/modehealthservices.com\/tr\/wp-json\/wp\/v2\/types\/page"}],"author":[{"embeddable":true,"href":"https:\/\/modehealthservices.com\/tr\/wp-json\/wp\/v2\/users\/1"}],"replies":[{"embeddable":true,"href":"https:\/\/modehealthservices.com\/tr\/wp-json\/wp\/v2\/comments?post=778"}],"version-history":[{"count":11,"href":"https:\/\/modehealthservices.com\/tr\/wp-json\/wp\/v2\/pages\/778\/revisions"}],"predecessor-version":[{"id":2836,"href":"https:\/\/modehealthservices.com\/tr\/wp-json\/wp\/v2\/pages\/778\/revisions\/2836"}],"wp:attachment":[{"href":"https:\/\/modehealthservices.com\/tr\/wp-json\/wp\/v2\/media?parent=778"}],"curies":[{"name":"wp","href":"https:\/\/api.w.org\/{rel}","templated":true}]}}